{"id":395,"date":"2021-10-08T16:23:24","date_gmt":"2021-10-08T14:23:24","guid":{"rendered":"https:\/\/plansysteme.com\/?page_id=395"},"modified":"2026-02-24T13:45:53","modified_gmt":"2026-02-24T12:45:53","slug":"kontakt","status":"publish","type":"page","link":"https:\/\/plansysteme.com\/de\/kontakt\/","title":{"rendered":"Kontakt"},"content":{"rendered":"<p><div class=\"fusion-fullwidth fullwidth-box fusion-builder-row-1 fusion-flex-container hundred-percent-fullwidth non-hundred-percent-height-scrolling\" style=\"--awb-border-radius-top-left:0px;--awb-border-radius-top-right:0px;--awb-border-radius-bottom-right:0px;--awb-border-radius-bottom-left:0px;--awb-flex-wrap:wrap;\" ><div class=\"fusion-builder-row fusion-row fusion-flex-align-items-center fusion-flex-justify-content-center fusion-flex-content-wrap\" style=\"width:104% !important;max-width:104% !important;margin-left: calc(-4% \/ 2 );margin-right: calc(-4% \/ 2 );\"><div class=\"fusion-layout-column fusion_builder_column fusion-builder-column-0 fusion_builder_column_1_1 1_1 fusion-flex-column fusion-flex-align-self-center\" style=\"--awb-bg-size:cover;--awb-width-large:100%;--awb-margin-top-large:0px;--awb-spacing-right-large:1.92%;--awb-margin-bottom-large:20px;--awb-spacing-left-large:0%;--awb-width-medium:100%;--awb-order-medium:0;--awb-spacing-right-medium:1.92%;--awb-spacing-left-medium:0%;--awb-width-small:100%;--awb-order-small:0;--awb-spacing-right-small:1.92%;--awb-spacing-left-small:1.92%;\"><div class=\"fusion-column-wrapper fusion-column-has-shadow fusion-flex-justify-content-center fusion-content-layout-column\">\t\t\t\t\t<script type=\"text\/javascript\">\n\t\t\t\t\t\tvar map_fusion_map_69ef60fd97b42;\n\t\t\t\t\t\tvar markers = [];\n\t\t\t\t\t\tvar counter = 0;\n\t\t\t\t\t\t\t\t\t\t\t\t\t\t\t\t\t\t\t\tvar fusionMapNonce = '0f733d8912';\n\t\t\t\t\t\t\t\t\t\t\t\tfunction fusion_run_map_fusion_map_69ef60fd97b42() {\n\t\t\t\t\t\t\tjQuery ('#fusion_map_69ef60fd97b42' ).fusion_maps( {\n\t\t\t\t\t\t\t\taddresses: [{\"address\":\"Plansysteme GmbH - Amsinckstra\\u00dfe 57, 20097 Hamburg\",\"infobox_content\":\"Plansysteme GmbH - Amsinckstra\\u00dfe 57, 20097 Hamburg\",\"coordinates\":false,\"cache\":true,\"latitude\":\"53.54452999999999\",\"longitude\":\"10.02018\"}],\n\t\t\t\t\t\t\t\tanimations: true,\n\t\t\t\t\t\t\t\tinfobox_background_color: '',\n\t\t\t\t\t\t\t\tinfobox_styling: 'default',\n\t\t\t\t\t\t\t\tinfobox_text_color: '',\n\t\t\t\t\t\t\t\tmap_style: 'default',\n\t\t\t\t\t\t\t\tmap_type: 'roadmap',\n\t\t\t\t\t\t\t\tmarker_icon: '',\n\t\t\t\t\t\t\t\toverlay_color: '',\n\t\t\t\t\t\t\t\toverlay_color_hsl: {\"hue\":0,\"sat\":0,\"lum\":100},\n\t\t\t\t\t\t\t\tshow_address: true,\n\t\t\t\t\t\t\t\tscale_control: true,\n\t\t\t\t\t\t\t\tscrollwheel: true,\n\t\t\t\t\t\t\t\tzoom: 13,\n\t\t\t\t\t\t\t\tzoom_control: true,\n\t\t\t\t\t\t\t} );\n\t\t\t\t\t\t}\n\n\t\t\t\t\t\tgoogle.maps.event.addDomListener(window, 'load', fusion_run_map_fusion_map_69ef60fd97b42);\n\t\t\t\t\t<\/script>\n\t\t\t\t\t<div class=\"shortcode-map fusion-google-map fusion-maps-js-type\" style=\"--awb-height:450px;--awb-width:104%;\" id=\"fusion_map_69ef60fd97b42\"><\/div><\/div><\/div><\/div><\/div><div class=\"fusion-fullwidth fullwidth-box fusion-builder-row-2 fusion-flex-container nonhundred-percent-fullwidth non-hundred-percent-height-scrolling\" style=\"--awb-border-radius-top-left:0px;--awb-border-radius-top-right:0px;--awb-border-radius-bottom-right:0px;--awb-border-radius-bottom-left:0px;--awb-flex-wrap:wrap;\" ><div class=\"fusion-builder-row fusion-row fusion-flex-align-items-flex-start fusion-flex-content-wrap\" style=\"max-width:1352px;margin-left: calc(-4% \/ 2 );margin-right: calc(-4% \/ 2 );\"><div class=\"fusion-layout-column fusion_builder_column fusion-builder-column-1 fusion_builder_column_1_1 1_1 fusion-flex-column fusion-animated\" style=\"--awb-bg-size:cover;--awb-width-large:100%;--awb-margin-top-large:0px;--awb-spacing-right-large:1.92%;--awb-margin-bottom-large:20px;--awb-spacing-left-large:1.92%;--awb-width-medium:100%;--awb-order-medium:0;--awb-spacing-right-medium:1.92%;--awb-spacing-left-medium:1.92%;--awb-width-small:100%;--awb-order-small:0;--awb-spacing-right-small:1.92%;--awb-spacing-left-small:1.92%;\" data-animationType=\"fadeInUp\" data-animationDuration=\"1.2\" data-animationOffset=\"top-into-view\"><div class=\"fusion-column-wrapper fusion-column-has-shadow fusion-flex-justify-content-flex-start fusion-content-layout-column\"><div class=\"fusion-text fusion-text-1\"><h1 class=\"heading main base-heading\">NEHMEN SIE KONTAKT MIT UNS AUF<\/h1>\n<div class=\"text base-text\">\n<p>In einem ersten unverbindlichen Gespr\u00e4ch finden wir heraus, wie wir Ihnen helfen k\u00f6nnen und ob unsere L\u00f6sungen zu Ihren Bed\u00fcrfnissen passen. Wir freuen uns auf Ihre Nachricht!<\/p>\n<\/div>\n<\/div><div class=\"fusion-form fusion-form-builder fusion-form-form-wrapper fusion-form-396\" style=\"--awb-tooltip-text-color:#ffffff;--awb-tooltip-background-color:#333333;\" data-form-id=\"396\" data-config=\"{&quot;form_id&quot;:396,&quot;form_post_id&quot;:396,&quot;post_id&quot;:395,&quot;form_type&quot;:&quot;ajax&quot;,&quot;confirmation_type&quot;:&quot;redirect&quot;,&quot;redirect_url&quot;:&quot;https:\\\/\\\/plansysteme.com\\\/de\\\/danke\\\/&quot;,&quot;redirect_timeout&quot;:&quot;0&quot;,&quot;field_labels&quot;:{&quot;vorname&quot;:&quot;Vorname&quot;,&quot;e-mail-adresse&quot;:&quot;E-Mail-Adresse&quot;,&quot;nachname&quot;:&quot;Nachname&quot;,&quot;telefon&quot;:&quot;Telefon&quot;,&quot;nachricht&quot;:&quot;Nachricht&quot;,&quot;Datenschutzbestimmungen zur Kenntnis genommen&quot;:&quot;&quot;},&quot;field_logics&quot;:{&quot;vorname&quot;:&quot;&quot;,&quot;e-mail-adresse&quot;:&quot;&quot;,&quot;nachname&quot;:&quot;&quot;,&quot;telefon&quot;:&quot;&quot;,&quot;nachricht&quot;:&quot;&quot;,&quot;Datenschutzbestimmungen zur Kenntnis genommen&quot;:&quot;&quot;,&quot;submit_1&quot;:&quot;&quot;,&quot;notice_1&quot;:&quot;&quot;},&quot;field_types&quot;:{&quot;betreff&quot;:&quot;honeypot&quot;,&quot;vorname&quot;:&quot;text&quot;,&quot;e-mail-adresse&quot;:&quot;text&quot;,&quot;nachname&quot;:&quot;text&quot;,&quot;telefon&quot;:&quot;text&quot;,&quot;nachricht&quot;:&quot;textarea&quot;,&quot;Datenschutzbestimmungen zur Kenntnis genommen&quot;:&quot;checkbox&quot;,&quot;submit_1&quot;:&quot;submit&quot;,&quot;recaptcha_1&quot;:&quot;recaptcha&quot;,&quot;notice_1&quot;:&quot;notice&quot;},&quot;nonce_method&quot;:&quot;ajax&quot;,&quot;form_views&quot;:&quot;ajax&quot;,&quot;form_views_counting&quot;:&quot;all&quot;}\"><form action=\"https:\/\/plansysteme.com\/de\/kontakt\/\" method=\"post\" class=\"fusion-form fusion-form-396\"><div class=\"fusion-fullwidth fullwidth-box fusion-builder-row-2-1 fusion-flex-container nonhundred-percent-fullwidth non-hundred-percent-height-scrolling\" style=\"--awb-border-radius-top-left:0px;--awb-border-radius-top-right:0px;--awb-border-radius-bottom-right:0px;--awb-border-radius-bottom-left:0px;--awb-flex-wrap:wrap;\" ><div class=\"fusion-builder-row fusion-row fusion-flex-align-items-flex-start fusion-flex-content-wrap\" style=\"width:104% !important;max-width:104% !important;margin-left: calc(-4% \/ 2 );margin-right: calc(-4% \/ 2 );\"><div class=\"fusion-layout-column fusion_builder_column fusion-builder-column-2 fusion_builder_column_1_2 1_2 fusion-flex-column\" style=\"--awb-bg-size:cover;--awb-width-large:50%;--awb-flex-grow:0;--awb-flex-shrink:0;--awb-margin-top-large:0px;--awb-spacing-right-large:3.84%;--awb-margin-bottom-large:20px;--awb-spacing-left-large:3.84%;--awb-width-medium:50%;--awb-order-medium:0;--awb-flex-grow-medium:0;--awb-flex-shrink-medium:0;--awb-spacing-right-medium:3.84%;--awb-spacing-left-medium:3.84%;--awb-width-small:100%;--awb-order-small:0;--awb-flex-grow-small:0;--awb-flex-shrink-small:0;--awb-spacing-right-small:1.92%;--awb-spacing-left-small:1.92%;\"><div class=\"fusion-column-wrapper fusion-column-has-shadow fusion-flex-justify-content-flex-start fusion-content-layout-column\"><div class=\"fusion-form-field fusion-form-honeypot-field fusion-form-label-above\" style=\"\" data-form-id=\"396\"><input type=\"hidden\" tabindex=\"-1\" name=\"betreff\" class=\"fusion-form-input\" autocomplete=\"hypot-69ef60fd9c5de\" aria-hidden=\"true\" data-fusion-is-honeypot=\"true\"><\/div><div class=\"fusion-form-field fusion-form-text-field fusion-form-label-above\" style=\"\" data-form-id=\"396\"><div class=\"fusion-form-label-wrapper\"><label for=\"vorname\">Vorname <abbr class=\"fusion-form-element-required\" title=\"required\">*<\/abbr><\/label><\/div><input type=\"text\" autocomplete=\"off\" name=\"vorname\" id=\"vorname\" value=\"\"  class=\"fusion-form-input\" required=\"true\" aria-required=\"true\" placeholder=\"Vorname *\" data-holds-private-data=\"false\" minlength=\"0\"\/><\/div><div class=\"fusion-form-field fusion-form-text-field fusion-form-label-above\" style=\"\" data-form-id=\"396\"><div class=\"fusion-form-label-wrapper\"><label for=\"e-mail-adresse\">E-Mail-Adresse <abbr class=\"fusion-form-element-required\" title=\"required\">*<\/abbr><\/label><\/div><input type=\"text\" autocomplete=\"off\" name=\"e-mail-adresse\" id=\"e-mail-adresse\" value=\"\"  class=\"fusion-form-input\" required=\"true\" aria-required=\"true\" placeholder=\"E-Mail-Adresse *\" data-holds-private-data=\"false\" minlength=\"0\"\/><\/div><\/div><\/div><div class=\"fusion-layout-column fusion_builder_column fusion-builder-column-3 fusion_builder_column_1_2 1_2 fusion-flex-column\" style=\"--awb-bg-size:cover;--awb-width-large:50%;--awb-flex-grow:0;--awb-flex-shrink:0;--awb-margin-top-large:0px;--awb-spacing-right-large:3.84%;--awb-margin-bottom-large:20px;--awb-spacing-left-large:3.84%;--awb-width-medium:50%;--awb-order-medium:0;--awb-flex-grow-medium:0;--awb-flex-shrink-medium:0;--awb-spacing-right-medium:3.84%;--awb-spacing-left-medium:3.84%;--awb-width-small:100%;--awb-order-small:0;--awb-flex-grow-small:0;--awb-flex-shrink-small:0;--awb-spacing-right-small:1.92%;--awb-spacing-left-small:1.92%;\"><div class=\"fusion-column-wrapper fusion-column-has-shadow fusion-flex-justify-content-flex-start fusion-content-layout-column\"><div class=\"fusion-form-field fusion-form-text-field fusion-form-label-above\" style=\"\" data-form-id=\"396\"><div class=\"fusion-form-label-wrapper\"><label for=\"nachname\">Nachname <abbr class=\"fusion-form-element-required\" title=\"required\">*<\/abbr><\/label><\/div><input type=\"text\" autocomplete=\"off\" name=\"nachname\" id=\"nachname\" value=\"\"  class=\"fusion-form-input\" required=\"true\" aria-required=\"true\" placeholder=\"Nachname *\" data-holds-private-data=\"false\" minlength=\"0\"\/><\/div><div class=\"fusion-form-field fusion-form-text-field fusion-form-label-above\" style=\"\" data-form-id=\"396\"><div class=\"fusion-form-label-wrapper\"><label for=\"telefon\">Telefon<\/label><\/div><input type=\"text\" autocomplete=\"off\" name=\"telefon\" id=\"telefon\" value=\"\"  class=\"fusion-form-input\" placeholder=\"Telefon \" data-holds-private-data=\"false\" minlength=\"0\"\/><\/div><\/div><\/div><div class=\"fusion-layout-column fusion_builder_column fusion-builder-column-4 fusion_builder_column_1_1 1_1 fusion-flex-column\" style=\"--awb-bg-size:cover;--awb-width-large:100%;--awb-flex-grow:0;--awb-flex-shrink:0;--awb-margin-top-large:0px;--awb-spacing-right-large:1.92%;--awb-margin-bottom-large:20px;--awb-spacing-left-large:1.92%;--awb-width-medium:100%;--awb-order-medium:0;--awb-flex-grow-medium:0;--awb-flex-shrink-medium:0;--awb-spacing-right-medium:1.92%;--awb-spacing-left-medium:1.92%;--awb-width-small:100%;--awb-order-small:0;--awb-flex-grow-small:0;--awb-flex-shrink-small:0;--awb-spacing-right-small:1.92%;--awb-spacing-left-small:1.92%;\"><div class=\"fusion-column-wrapper fusion-column-has-shadow fusion-flex-justify-content-flex-start fusion-content-layout-column\"><div class=\"fusion-form-field fusion-form-textarea-field fusion-form-label-above\" style=\"\" data-form-id=\"396\"><label for=\"nachricht\">Nachricht<\/label><textarea cols=\"40\" autocomplete=\"off\"  minlength=\"0\"  rows=\"4\" tabindex=\"\" id=\"nachricht\" name=\"nachricht\" class=\"fusion-form-input\" placeholder=\"Nachricht \" data-holds-private-data=\"false\"><\/textarea><\/div><div class=\"fusion-form-field fusion-form-checkbox-field fusion-form-label-above\" style=\"\" data-form-id=\"396\"><fieldset><div class=\"fusion-form-checkbox\"><input tabindex=\"\" id=\"checkbox-datenschutzbestimmungen-zur-kenntnis-genommen-1-0\" type=\"checkbox\" value=\"Ich habe die Datenschutzbestimmungen zur Kenntnis genommen. *\" name=\"Datenschutzbestimmungen zur Kenntnis genommen[]\" class=\"fusion-form-input\" required=\"true\" aria-required=\"true\" data-holds-private-data=\"false\"\/><label for=\"checkbox-datenschutzbestimmungen-zur-kenntnis-genommen-1-0\">Ich habe die Datenschutzbestimmungen zur Kenntnis genommen. *<\/label><\/div><\/fieldset><\/div><div class=\"fusion-form-field fusion-form-submit-field fusion-form-label-above\" style=\"\" data-form-id=\"396\"><div ><button type=\"submit\" class=\"fusion-button button-flat fusion-button-default-size button-default fusion-button-default button-1 fusion-button-default-span  button-default form-form-submit\" style=\"--button_text_transform:uppercase;\" data-form-number=\"396\" tabindex=\"\"><span class=\"fusion-button-text awb-button__text awb-button__text--default\">Senden<\/span><\/button><\/div><\/div><div class=\"fusion-form-field fusion-form-recaptcha-field fusion-form-label-above\" style=\"\" data-form-id=\"396\">\t\t\t\t<div class=\"form-creator-recaptcha\" >\n\t\t\t\t\t\t\t\t\t\t\t\t\t\t\t\t\t\t\t\t\t\t\t<div class=\"fusion-form-recaptcha-wrapper\">\n\t\t\t\t\t\t\t\t\t\t<div\n\t\t\t\t\t\t\tid=\"g-recaptcha-id-form-396\"\n\t\t\t\t\t\t\tclass=\"fusion-form-recaptcha-v3 recaptcha-container \"\n\t\t\t\t\t\t\tdata-sitekey=\"6LcglHUdAAAAALOrYZdwhESZrKBf4WV6fn2ABSXs\"\n\t\t\t\t\t\t\tdata-badge=\"bottomright\">\n\t\t\t\t\t\t<\/div>\n\t\t\t\t\t\t<input\n\t\t\t\t\t\t\ttype=\"hidden\"\n\t\t\t\t\t\t\tname=\"fusion-form-recaptcha-response\"\n\t\t\t\t\t\t\tclass=\"g-recaptcha-response\"\n\t\t\t\t\t\t\tid=\"fusion-form-recaptcha-response-396\"\n\t\t\t\t\t\t\tvalue=\"\">\n\t\t\t\t\t\t\t\t\t<\/div>\n\t\t\t\t\t\t\t\t\t\t\t\t\t\t\t<\/div>\n\t\t\t\t<\/div><div class=\"form-submission-notices data-notice_1\" id=\"fusion-notices-1\" data-instance=\"1\"><div class=\"fusion-alert alert success alert-success fusion-alert-center fusion-form-response fusion-form-response-success awb-alert-native-link-color alert-dismissable awb-alert-close-boxed\" role=\"alert\"><div class=\"fusion-alert-content-wrapper\"><span class=\"alert-icon\"><i class=\"awb-icon-check-circle\" aria-hidden=\"true\"><\/i><\/span><span class=\"fusion-alert-content\">Vielen Dank f\u00fcr Ihre Nachricht. Sie wurde erfolgreich zugestellt. Wir melden uns schnellstm\u00f6glich bei Ihnen.<\/span><\/div><button type=\"button\" class=\"close toggle-alert\" data-dismiss=\"alert\" aria-label=\"Close\">&times;<\/button><\/div><div class=\"fusion-alert alert error alert-danger fusion-alert-center fusion-form-response fusion-form-response-error awb-alert-native-link-color alert-dismissable awb-alert-close-boxed\" role=\"alert\"><div class=\"fusion-alert-content-wrapper\"><span class=\"alert-icon\"><i class=\"awb-icon-exclamation-triangle\" aria-hidden=\"true\"><\/i><\/span><span class=\"fusion-alert-content\">Ihre Nachricht konnte nicht versendet werden, bitte schreiben Sie direkt eine Mail an info@plansysteme.de<\/span><\/div><button type=\"button\" class=\"close toggle-alert\" data-dismiss=\"alert\" aria-label=\"Close\">&times;<\/button><\/div><\/div><\/div><\/div><\/div><\/div><input type=\"hidden\" name=\"fusion_privacy_expiration_interval\" value=\"48\"><input type=\"hidden\" name=\"privacy_expiration_action\" value=\"anonymize\"><\/form><\/div><\/div><\/div><\/div><\/div><\/p>\n","protected":false},"excerpt":{"rendered":"","protected":false},"author":1,"featured_media":0,"parent":0,"menu_order":0,"comment_status":"closed","ping_status":"closed","template":"100-width.php","meta":{"footnotes":""},"class_list":["post-395","page","type-page","status-publish","hentry"],"yoast_head":"<!-- This site is optimized with the Yoast SEO Premium plugin v20.11 (Yoast SEO v27.4) - https:\/\/yoast.com\/product\/yoast-seo-premium-wordpress\/ -->\n<title>Kontakt | Plansysteme<\/title>\n<meta name=\"description\" content=\"Kontaktformular f\u00fcr Plansysteme. Einfach ausf\u00fcllen und abschicken. Wir melden uns schnellstm\u00f6glich bei Ihnen.\" \/>\n<meta name=\"robots\" content=\"index, follow, max-snippet:-1, max-image-preview:large, max-video-preview:-1\" \/>\n<link rel=\"canonical\" href=\"https:\/\/plansysteme.com\/de\/kontakt\/\" \/>\n<meta property=\"og:locale\" content=\"de_DE\" \/>\n<meta property=\"og:type\" content=\"article\" \/>\n<meta property=\"og:title\" content=\"Kontakt\" \/>\n<meta property=\"og:description\" content=\"Kontaktformular f\u00fcr Plansysteme. Einfach ausf\u00fcllen und abschicken. Wir melden uns schnellstm\u00f6glich bei Ihnen.\" \/>\n<meta property=\"og:url\" content=\"https:\/\/plansysteme.com\/de\/kontakt\/\" \/>\n<meta property=\"og:site_name\" content=\"Plansysteme\" \/>\n<meta property=\"article:publisher\" content=\"https:\/\/www.facebook.com\/login\/?next=httpswww.facebook.comPlansystemeGmbH\" \/>\n<meta property=\"article:modified_time\" content=\"2026-02-24T12:45:53+00:00\" \/>\n<meta property=\"og:image\" content=\"https:\/\/plansysteme.com\/wp-content\/uploads\/2022\/06\/Logo-ohne-Reiter.png\" \/>\n\t<meta property=\"og:image:width\" content=\"725\" \/>\n\t<meta property=\"og:image:height\" content=\"175\" \/>\n\t<meta property=\"og:image:type\" content=\"image\/png\" \/>\n<meta name=\"twitter:card\" content=\"summary_large_image\" \/>\n<meta name=\"twitter:label1\" content=\"Gesch\u00e4tzte Lesezeit\" \/>\n\t<meta name=\"twitter:data1\" content=\"1\u00a0Minute\" \/>\n<script type=\"application\/ld+json\" class=\"yoast-schema-graph\">{\"@context\":\"https:\\\/\\\/schema.org\",\"@graph\":[{\"@type\":\"WebPage\",\"@id\":\"https:\\\/\\\/plansysteme.com\\\/de\\\/kontakt\\\/\",\"url\":\"https:\\\/\\\/plansysteme.com\\\/de\\\/kontakt\\\/\",\"name\":\"Kontakt | Plansysteme\",\"isPartOf\":{\"@id\":\"https:\\\/\\\/plansysteme.com\\\/de\\\/#website\"},\"datePublished\":\"2021-10-08T14:23:24+00:00\",\"dateModified\":\"2026-02-24T12:45:53+00:00\",\"description\":\"Kontaktformular f\u00fcr Plansysteme. Einfach ausf\u00fcllen und abschicken. Wir melden uns schnellstm\u00f6glich bei Ihnen.\",\"breadcrumb\":{\"@id\":\"https:\\\/\\\/plansysteme.com\\\/de\\\/kontakt\\\/#breadcrumb\"},\"inLanguage\":\"de\",\"potentialAction\":[{\"@type\":\"ReadAction\",\"target\":[\"https:\\\/\\\/plansysteme.com\\\/de\\\/kontakt\\\/\"]}]},{\"@type\":\"BreadcrumbList\",\"@id\":\"https:\\\/\\\/plansysteme.com\\\/de\\\/kontakt\\\/#breadcrumb\",\"itemListElement\":[{\"@type\":\"ListItem\",\"position\":1,\"name\":\"Startseite\",\"item\":\"https:\\\/\\\/plansysteme.com\\\/de\\\/\"},{\"@type\":\"ListItem\",\"position\":2,\"name\":\"Kontakt\"}]},{\"@type\":\"WebSite\",\"@id\":\"https:\\\/\\\/plansysteme.com\\\/de\\\/#website\",\"url\":\"https:\\\/\\\/plansysteme.com\\\/de\\\/\",\"name\":\"Plansysteme\",\"description\":\"Software mit System\",\"publisher\":{\"@id\":\"https:\\\/\\\/plansysteme.com\\\/de\\\/#organization\"},\"alternateName\":\"Plansysteme GmbH\",\"potentialAction\":[{\"@type\":\"SearchAction\",\"target\":{\"@type\":\"EntryPoint\",\"urlTemplate\":\"https:\\\/\\\/plansysteme.com\\\/de\\\/?s={search_term_string}\"},\"query-input\":{\"@type\":\"PropertyValueSpecification\",\"valueRequired\":true,\"valueName\":\"search_term_string\"}}],\"inLanguage\":\"de\"},{\"@type\":\"Organization\",\"@id\":\"https:\\\/\\\/plansysteme.com\\\/de\\\/#organization\",\"name\":\"Plansysteme GmbH\",\"alternateName\":\"Plansysteme\",\"url\":\"https:\\\/\\\/plansysteme.com\\\/de\\\/\",\"logo\":{\"@type\":\"ImageObject\",\"inLanguage\":\"de\",\"@id\":\"https:\\\/\\\/plansysteme.com\\\/de\\\/#\\\/schema\\\/logo\\\/image\\\/\",\"url\":\"https:\\\/\\\/plansysteme.com\\\/wp-content\\\/uploads\\\/2022\\\/06\\\/Logo-ohne-Reiter.png\",\"contentUrl\":\"https:\\\/\\\/plansysteme.com\\\/wp-content\\\/uploads\\\/2022\\\/06\\\/Logo-ohne-Reiter.png\",\"width\":725,\"height\":175,\"caption\":\"Plansysteme GmbH\"},\"image\":{\"@id\":\"https:\\\/\\\/plansysteme.com\\\/de\\\/#\\\/schema\\\/logo\\\/image\\\/\"},\"sameAs\":[\"https:\\\/\\\/www.facebook.com\\\/login\\\/?next=httpswww.facebook.comPlansystemeGmbH\",\"https:\\\/\\\/www.linkedin.com\\\/company\\\/plansysteme-gmbh\\\/\",\"https:\\\/\\\/www.youtube.com\\\/channel\\\/UCG-FU-CijbCqIpbZcreuCZw\"]}]}<\/script>\n<!-- \/ Yoast SEO Premium plugin. -->","yoast_head_json":{"title":"Kontakt | Plansysteme","description":"Kontaktformular f\u00fcr Plansysteme. Einfach ausf\u00fcllen und abschicken. Wir melden uns schnellstm\u00f6glich bei Ihnen.","robots":{"index":"index","follow":"follow","max-snippet":"max-snippet:-1","max-image-preview":"max-image-preview:large","max-video-preview":"max-video-preview:-1"},"canonical":"https:\/\/plansysteme.com\/de\/kontakt\/","og_locale":"de_DE","og_type":"article","og_title":"Kontakt","og_description":"Kontaktformular f\u00fcr Plansysteme. Einfach ausf\u00fcllen und abschicken. Wir melden uns schnellstm\u00f6glich bei Ihnen.","og_url":"https:\/\/plansysteme.com\/de\/kontakt\/","og_site_name":"Plansysteme","article_publisher":"https:\/\/www.facebook.com\/login\/?next=httpswww.facebook.comPlansystemeGmbH","article_modified_time":"2026-02-24T12:45:53+00:00","og_image":[{"width":725,"height":175,"url":"https:\/\/plansysteme.com\/wp-content\/uploads\/2022\/06\/Logo-ohne-Reiter.png","type":"image\/png"}],"twitter_card":"summary_large_image","twitter_misc":{"Gesch\u00e4tzte Lesezeit":"1\u00a0Minute"},"schema":{"@context":"https:\/\/schema.org","@graph":[{"@type":"WebPage","@id":"https:\/\/plansysteme.com\/de\/kontakt\/","url":"https:\/\/plansysteme.com\/de\/kontakt\/","name":"Kontakt | Plansysteme","isPartOf":{"@id":"https:\/\/plansysteme.com\/de\/#website"},"datePublished":"2021-10-08T14:23:24+00:00","dateModified":"2026-02-24T12:45:53+00:00","description":"Kontaktformular f\u00fcr Plansysteme. Einfach ausf\u00fcllen und abschicken. Wir melden uns schnellstm\u00f6glich bei Ihnen.","breadcrumb":{"@id":"https:\/\/plansysteme.com\/de\/kontakt\/#breadcrumb"},"inLanguage":"de","potentialAction":[{"@type":"ReadAction","target":["https:\/\/plansysteme.com\/de\/kontakt\/"]}]},{"@type":"BreadcrumbList","@id":"https:\/\/plansysteme.com\/de\/kontakt\/#breadcrumb","itemListElement":[{"@type":"ListItem","position":1,"name":"Startseite","item":"https:\/\/plansysteme.com\/de\/"},{"@type":"ListItem","position":2,"name":"Kontakt"}]},{"@type":"WebSite","@id":"https:\/\/plansysteme.com\/de\/#website","url":"https:\/\/plansysteme.com\/de\/","name":"Plansysteme","description":"Software mit System","publisher":{"@id":"https:\/\/plansysteme.com\/de\/#organization"},"alternateName":"Plansysteme GmbH","potentialAction":[{"@type":"SearchAction","target":{"@type":"EntryPoint","urlTemplate":"https:\/\/plansysteme.com\/de\/?s={search_term_string}"},"query-input":{"@type":"PropertyValueSpecification","valueRequired":true,"valueName":"search_term_string"}}],"inLanguage":"de"},{"@type":"Organization","@id":"https:\/\/plansysteme.com\/de\/#organization","name":"Plansysteme GmbH","alternateName":"Plansysteme","url":"https:\/\/plansysteme.com\/de\/","logo":{"@type":"ImageObject","inLanguage":"de","@id":"https:\/\/plansysteme.com\/de\/#\/schema\/logo\/image\/","url":"https:\/\/plansysteme.com\/wp-content\/uploads\/2022\/06\/Logo-ohne-Reiter.png","contentUrl":"https:\/\/plansysteme.com\/wp-content\/uploads\/2022\/06\/Logo-ohne-Reiter.png","width":725,"height":175,"caption":"Plansysteme GmbH"},"image":{"@id":"https:\/\/plansysteme.com\/de\/#\/schema\/logo\/image\/"},"sameAs":["https:\/\/www.facebook.com\/login\/?next=httpswww.facebook.comPlansystemeGmbH","https:\/\/www.linkedin.com\/company\/plansysteme-gmbh\/","https:\/\/www.youtube.com\/channel\/UCG-FU-CijbCqIpbZcreuCZw"]}]}},"_links":{"self":[{"href":"https:\/\/plansysteme.com\/de\/wp-json\/wp\/v2\/pages\/395","targetHints":{"allow":["GET"]}}],"collection":[{"href":"https:\/\/plansysteme.com\/de\/wp-json\/wp\/v2\/pages"}],"about":[{"href":"https:\/\/plansysteme.com\/de\/wp-json\/wp\/v2\/types\/page"}],"author":[{"embeddable":true,"href":"https:\/\/plansysteme.com\/de\/wp-json\/wp\/v2\/users\/1"}],"replies":[{"embeddable":true,"href":"https:\/\/plansysteme.com\/de\/wp-json\/wp\/v2\/comments?post=395"}],"version-history":[{"count":3,"href":"https:\/\/plansysteme.com\/de\/wp-json\/wp\/v2\/pages\/395\/revisions"}],"predecessor-version":[{"id":3534,"href":"https:\/\/plansysteme.com\/de\/wp-json\/wp\/v2\/pages\/395\/revisions\/3534"}],"wp:attachment":[{"href":"https:\/\/plansysteme.com\/de\/wp-json\/wp\/v2\/media?parent=395"}],"curies":[{"name":"wp","href":"https:\/\/api.w.org\/{rel}","templated":true}]}}