{"id":202,"date":"2021-10-08T11:15:49","date_gmt":"2021-10-08T09:15:49","guid":{"rendered":"https:\/\/plansysteme.com\/?page_id=202"},"modified":"2022-08-30T08:22:30","modified_gmt":"2022-08-30T06:22:30","slug":"zeichendienstleistungen","status":"publish","type":"page","link":"https:\/\/plansysteme.com\/de\/softwareloesungen-industrie-4-0\/zeichendienstleistungen\/","title":{"rendered":"Zeichendienstleistung"},"content":{"rendered":"<p><div class=\"fusion-fullwidth fullwidth-box fusion-builder-row-1 fusion-flex-container fusion-parallax-none nonhundred-percent-fullwidth non-hundred-percent-height-scrolling\" style=\"--awb-border-radius-top-left:0px;--awb-border-radius-top-right:0px;--awb-border-radius-bottom-right:0px;--awb-border-radius-bottom-left:0px;--awb-min-height:416px;--awb-background-image:url(&quot;https:\/\/plansysteme.com\/wp-content\/uploads\/2022\/06\/Industrie-softwareloesung.jpg&quot;);--awb-background-size:cover;--awb-flex-wrap:wrap;\" ><div class=\"fusion-builder-row fusion-row fusion-flex-align-items-flex-start fusion-flex-content-wrap\" style=\"max-width:1352px;margin-left: calc(-4% \/ 2 );margin-right: calc(-4% \/ 2 );\"><div class=\"fusion-layout-column fusion_builder_column fusion-builder-column-0 fusion_builder_column_1_1 1_1 fusion-flex-column\" style=\"--awb-bg-size:cover;--awb-width-large:100%;--awb-margin-top-large:0px;--awb-spacing-right-large:1.92%;--awb-margin-bottom-large:20px;--awb-spacing-left-large:1.92%;--awb-width-medium:100%;--awb-order-medium:0;--awb-spacing-right-medium:1.92%;--awb-spacing-left-medium:1.92%;--awb-width-small:100%;--awb-order-small:0;--awb-spacing-right-small:1.92%;--awb-spacing-left-small:1.92%;\"><div class=\"fusion-column-wrapper fusion-column-has-shadow fusion-flex-justify-content-flex-start fusion-content-layout-row fusion-flex-align-items-center\"><div class=\"fusion-title title fusion-title-1 fusion-sep-none fusion-title-center fusion-title-text fusion-title-size-one\" style=\"--awb-margin-top:150px;--awb-margin-right:50px;--awb-margin-top-small:10px;--awb-margin-right-small:0px;--awb-margin-bottom-small:10px;--awb-margin-left-small:0px;\"><h1 class=\"fusion-title-heading title-heading-center\" style=\"margin:0;\">ZEICHENDIENSTLEISTUNG | PROJEKTPLANUNG INDUSTRIE 4.0 L\u00d6SUNGEN<\/h1><\/div><\/div><\/div><\/div><\/div><div class=\"fusion-fullwidth fullwidth-box fusion-builder-row-2 fusion-flex-container nonhundred-percent-fullwidth non-hundred-percent-height-scrolling\" style=\"--awb-border-radius-top-left:0px;--awb-border-radius-top-right:0px;--awb-border-radius-bottom-right:0px;--awb-border-radius-bottom-left:0px;--awb-flex-wrap:wrap;\" ><div class=\"fusion-builder-row fusion-row fusion-flex-align-items-flex-start fusion-flex-content-wrap\" style=\"max-width:1352px;margin-left: calc(-4% \/ 2 );margin-right: calc(-4% \/ 2 );\"><div class=\"fusion-layout-column fusion_builder_column fusion-builder-column-1 fusion_builder_column_1_1 1_1 fusion-flex-column\" style=\"--awb-bg-size:cover;--awb-width-large:100%;--awb-margin-top-large:0px;--awb-spacing-right-large:1.92%;--awb-margin-bottom-large:20px;--awb-spacing-left-large:1.92%;--awb-width-medium:100%;--awb-order-medium:0;--awb-spacing-right-medium:1.92%;--awb-spacing-left-medium:1.92%;--awb-width-small:100%;--awb-order-small:0;--awb-spacing-right-small:1.92%;--awb-spacing-left-small:1.92%;\"><div class=\"fusion-column-wrapper fusion-column-has-shadow fusion-flex-justify-content-flex-start fusion-content-layout-column\"><div class=\"fusion-separator fusion-full-width-sep\" style=\"align-self: center;margin-left: auto;margin-right: auto;margin-bottom:60px;width:100%;\"><\/div>\n<\/div><\/div><div class=\"fusion-layout-column fusion_builder_column fusion-builder-column-2 fusion_builder_column_1_3 1_3 fusion-flex-column\" style=\"--awb-bg-size:cover;--awb-width-large:33.333333333333%;--awb-margin-top-large:0px;--awb-spacing-right-large:5.76%;--awb-margin-bottom-large:20px;--awb-spacing-left-large:5.76%;--awb-width-medium:33.333333333333%;--awb-order-medium:0;--awb-spacing-right-medium:5.76%;--awb-spacing-left-medium:5.76%;--awb-width-small:100%;--awb-order-small:0;--awb-spacing-right-small:1.92%;--awb-spacing-left-small:1.92%;\"><div class=\"fusion-column-wrapper fusion-column-has-shadow fusion-flex-justify-content-flex-start fusion-content-layout-column\"><div class=\"fusion-text fusion-text-1\"><p><img decoding=\"async\" class=\"alignnone wp-image-203 size-full\" src=\"https:\/\/plansysteme.com\/wp-content\/uploads\/2021\/10\/zeichner.png\" alt=\"ZEICHENDIENSTLEISTUNGEN \" width=\"800\" height=\"800\" \/><\/p>\n<\/div><\/div><\/div><div class=\"fusion-layout-column fusion_builder_column fusion-builder-column-3 fusion_builder_column_2_3 2_3 fusion-flex-column\" style=\"--awb-bg-size:cover;--awb-width-large:66.666666666667%;--awb-margin-top-large:0px;--awb-spacing-right-large:2.88%;--awb-margin-bottom-large:20px;--awb-spacing-left-large:2.88%;--awb-width-medium:66.666666666667%;--awb-order-medium:0;--awb-spacing-right-medium:2.88%;--awb-spacing-left-medium:2.88%;--awb-width-small:100%;--awb-order-small:0;--awb-spacing-right-small:1.92%;--awb-spacing-left-small:1.92%;\"><div class=\"fusion-column-wrapper fusion-column-has-shadow fusion-flex-justify-content-flex-start fusion-content-layout-column\"><div class=\"fusion-separator fusion-no-small-visibility\" style=\"align-self: flex-start;margin-right:auto;margin-bottom:15px;width:100%;max-width:25px;\"><div class=\"fusion-separator-border sep-single sep-solid\" style=\"--awb-height:20px;--awb-amount:20px;--awb-sep-color:#b51621;border-color:#b51621;border-top-width:1px;\"><\/div><\/div>\n<div class=\"fusion-text fusion-text-2\"><h2>ZEICHENDIENSTLEISTUNGEN F\u00dcR BAUSTOFFHERSTELLER<\/h2>\n<p>Mit Plansysteme k\u00f6nnen Sie jederzeit rechnen:<br \/>\nUnsere professionellen Zeichendienstleistungen halten Ihnen den R\u00fccken frei.<\/p>\n<\/div><\/div><\/div><div class=\"fusion-layout-column fusion_builder_column fusion-builder-column-4 fusion_builder_column_1_3 1_3 fusion-flex-column\" style=\"--awb-bg-size:cover;--awb-width-large:33.333333333333%;--awb-margin-top-large:0px;--awb-spacing-right-large:5.76%;--awb-margin-bottom-large:20px;--awb-spacing-left-large:5.76%;--awb-width-medium:33.333333333333%;--awb-order-medium:0;--awb-spacing-right-medium:5.76%;--awb-spacing-left-medium:5.76%;--awb-width-small:100%;--awb-order-small:0;--awb-spacing-right-small:1.92%;--awb-spacing-left-small:1.92%;\"><div class=\"fusion-column-wrapper fusion-column-has-shadow fusion-flex-justify-content-flex-start fusion-content-layout-column\"><div class=\"fusion-text fusion-text-3\"><h2>VERL\u00c4SSLICH<\/h2>\n<p>Ihre Kunden erwarten von Ihnen termingerechte Projektplanung \u2013 auch in Zeiten gro\u00dfer Nachfrage und bei angespannter Personalsituation aufgrund von Urlaub oder Krankheit.<\/p>\n<p>Die Zeichendienstleistungen von Plansysteme k\u00f6nnen Sie projektweise buchen, um mit dieser Flexibilit\u00e4t schnell zu reagieren und beweglich zu bleiben.<\/p>\n<p>Sie erhalten von uns Daten, die Sie im gewohnten Herstellungsprozess verwenden k\u00f6nnen \u2013 exakt auf Ihre Bed\u00fcrfnisse und Produktionsanlagen abgestimmt.<\/p>\n<\/div><\/div><\/div><div class=\"fusion-layout-column fusion_builder_column fusion-builder-column-5 fusion_builder_column_1_3 1_3 fusion-flex-column\" style=\"--awb-bg-size:cover;--awb-width-large:33.333333333333%;--awb-margin-top-large:0px;--awb-spacing-right-large:5.76%;--awb-margin-bottom-large:20px;--awb-spacing-left-large:5.76%;--awb-width-medium:33.333333333333%;--awb-order-medium:0;--awb-spacing-right-medium:5.76%;--awb-spacing-left-medium:5.76%;--awb-width-small:100%;--awb-order-small:0;--awb-spacing-right-small:1.92%;--awb-spacing-left-small:1.92%;\"><div class=\"fusion-column-wrapper fusion-column-has-shadow fusion-flex-justify-content-flex-start fusion-content-layout-column\"><div class=\"fusion-text fusion-text-4\"><h2>EINFACH<\/h2>\n<p>Unsere Zeichendienstleistungen decken den gesamten Planungsprozess f\u00fcr Kalksandsteinmauerwerk ab.<\/p>\n<p>Wir besprechen mit Ihrem Kunden die Planungsgrundlagen, fordern Pl\u00e4ne ab und kl\u00e4ren Details.<\/p>\n<p>Danach planen und elementieren wir, begleiten den Pr\u00fcfungsprozess der vorl\u00e4ufigen Pl\u00e4ne durch den Endkunden und dokumentieren die Produktionsfreigabe.<\/p>\n<p>Alle erzeugten Dokumente tragen selbstverst\u00e4ndlich Ihren Firmennamen und Ihr Logo. So st\u00e4rken Sie Ihre Lieferantenmarke.<\/p>\n<\/div><\/div><\/div><div class=\"fusion-layout-column fusion_builder_column fusion-builder-column-6 fusion_builder_column_1_3 1_3 fusion-flex-column\" style=\"--awb-bg-size:cover;--awb-width-large:33.333333333333%;--awb-margin-top-large:0px;--awb-spacing-right-large:5.76%;--awb-margin-bottom-large:20px;--awb-spacing-left-large:5.76%;--awb-width-medium:33.333333333333%;--awb-order-medium:0;--awb-spacing-right-medium:5.76%;--awb-spacing-left-medium:5.76%;--awb-width-small:100%;--awb-order-small:0;--awb-spacing-right-small:1.92%;--awb-spacing-left-small:1.92%;\"><div class=\"fusion-column-wrapper fusion-column-has-shadow fusion-flex-justify-content-flex-start fusion-content-layout-column\"><div class=\"fusion-text fusion-text-5\"><h2>MEHRWERT<\/h2>\n<p>Alle Prozessschritte werden durch unsere leistungsf\u00e4hige Software unterst\u00fctzt. Davon profitieren sowohl Sie als auch Ihre Kunden.<\/p>\n<p>Mit unseren Web-gest\u00fctzten L\u00f6sungen ist der Planungs- und Pr\u00fcfungsprozess jederzeit transparent und effizient. Unsere 3D-Werkzeuge erm\u00f6glichen innovative Arbeitsweisen.<\/p>\n<p>So kann Ihr Kunde zum Beispiel das von uns erstellte 3D-Modell zur Pr\u00fcfung sowie Visualisierung verwenden und weiterverarbeiten.<\/p>\n<\/div><\/div><\/div><div class=\"fusion-layout-column fusion_builder_column fusion-builder-column-7 fusion_builder_column_1_6 1_6 fusion-flex-column\" style=\"--awb-bg-size:cover;--awb-width-large:16.666666666667%;--awb-margin-top-large:0px;--awb-spacing-right-large:11.52%;--awb-margin-bottom-large:20px;--awb-spacing-left-large:11.52%;--awb-width-medium:16.666666666667%;--awb-order-medium:0;--awb-spacing-right-medium:11.52%;--awb-spacing-left-medium:11.52%;--awb-width-small:100%;--awb-order-small:0;--awb-spacing-right-small:1.92%;--awb-spacing-left-small:1.92%;\"><div class=\"fusion-column-wrapper fusion-column-has-shadow fusion-flex-justify-content-flex-start fusion-content-layout-column\"><\/div><\/div><div class=\"fusion-layout-column fusion_builder_column fusion-builder-column-8 fusion_builder_column_2_3 2_3 fusion-flex-column fusion-animated\" style=\"--awb-bg-size:cover;--awb-width-large:66.666666666667%;--awb-margin-top-large:0px;--awb-spacing-right-large:2.88%;--awb-margin-bottom-large:20px;--awb-spacing-left-large:2.88%;--awb-width-medium:66.666666666667%;--awb-order-medium:0;--awb-spacing-right-medium:2.88%;--awb-spacing-left-medium:2.88%;--awb-width-small:100%;--awb-order-small:0;--awb-spacing-right-small:1.92%;--awb-spacing-left-small:1.92%;\" data-animationType=\"fadeInRight\" data-animationDuration=\"1.2\" data-animationOffset=\"top-into-view\"><div class=\"fusion-column-wrapper fusion-column-has-shadow fusion-flex-justify-content-flex-start fusion-content-layout-column\"><div class=\"fusion-separator fusion-no-small-visibility\" style=\"align-self: flex-start;margin-right:auto;margin-bottom:15px;width:100%;max-width:25px;\"><div class=\"fusion-separator-border sep-single sep-solid\" style=\"--awb-height:20px;--awb-amount:20px;--awb-sep-color:#b51621;border-color:#b51621;border-top-width:1px;\"><\/div><\/div>\n<div class=\"fusion-text fusion-text-6\"><div style=\"color: #b51621;\">PLANSYSTEME<\/div>\n<h3>IHR ANSPRECHPARTNER<\/h3>\n<p>Wenn Sie Fragen zu diesem Produkt haben, melden Sie sich gern bei uns<\/p>\n<p><img decoding=\"async\" class=\"size-full wp-image-338 aligncenter\" src=\"https:\/\/plansysteme.com\/wp-content\/uploads\/2021\/10\/Kontakt-Arne.jpg\" alt=\"Arne Thurm\" width=\"450\" height=\"675\" srcset=\"https:\/\/plansysteme.com\/wp-content\/uploads\/2021\/10\/Kontakt-Arne-200x300.jpg 200w, https:\/\/plansysteme.com\/wp-content\/uploads\/2021\/10\/Kontakt-Arne-400x600.jpg 400w, https:\/\/plansysteme.com\/wp-content\/uploads\/2021\/10\/Kontakt-Arne.jpg 450w\" sizes=\"(max-width: 450px) 100vw, 450px\" \/><\/p>\n<h3 style=\"text-align: center;\">ARNE THURM<\/h3>\n<p style=\"text-align: center;\">Director Industry Solutions<\/p>\n<p style=\"text-align: center;\">Telefon: +49 40 237 202-0<\/p>\n<\/div><div style=\"text-align:center;\"><a class=\"fusion-button button-flat button-xlarge button-default fusion-button-default button-1 fusion-button-default-span fusion-button-default-type\" style=\"--button_text_transform:uppercase;\" target=\"_self\" title=\"Kontakt\" aria-label=\"Kontakt\" href=\"https:\/\/plansysteme.com\/de\/kontakt\"><span class=\"fusion-button-text awb-button__text awb-button__text--default\">Kontakt zu Arne<\/span><\/a><\/div><\/div><\/div>\n<div class=\"fusion-layout-column fusion_builder_column fusion-builder-column-9 fusion_builder_column_1_6 1_6 fusion-flex-column\" style=\"--awb-bg-size:cover;--awb-width-large:16.666666666667%;--awb-margin-top-large:0px;--awb-spacing-right-large:11.52%;--awb-margin-bottom-large:20px;--awb-spacing-left-large:11.52%;--awb-width-medium:16.666666666667%;--awb-order-medium:0;--awb-spacing-right-medium:11.52%;--awb-spacing-left-medium:11.52%;--awb-width-small:100%;--awb-order-small:0;--awb-spacing-right-small:1.92%;--awb-spacing-left-small:1.92%;\"><div class=\"fusion-column-wrapper fusion-column-has-shadow fusion-flex-justify-content-flex-start fusion-content-layout-column\"><\/div><\/div><\/div><\/div><\/p>\n","protected":false},"excerpt":{"rendered":"","protected":false},"author":1,"featured_media":0,"parent":132,"menu_order":0,"comment_status":"closed","ping_status":"closed","template":"100-width.php","meta":{"footnotes":""},"class_list":["post-202","page","type-page","status-publish","hentry"],"yoast_head":"<!-- This site is optimized with the Yoast SEO Premium plugin v20.11 (Yoast SEO v27.4) - https:\/\/yoast.com\/product\/yoast-seo-premium-wordpress\/ -->\n<title>Zeichendienstleistung | Industrie 4.0 L\u00f6sungen von Plansysteme<\/title>\n<meta name=\"description\" content=\"Unsere Zeichendienstleistungen decken den gesamten Planungsprozess f\u00fcr Kalksandsteinmauerwerk ab.Wir besprechen mit Ihrem Kunden...\" \/>\n<meta name=\"robots\" content=\"index, follow, max-snippet:-1, max-image-preview:large, max-video-preview:-1\" \/>\n<link rel=\"canonical\" href=\"https:\/\/plansysteme.com\/de\/softwareloesungen-industrie-4-0\/zeichendienstleistungen\/\" \/>\n<meta property=\"og:locale\" content=\"de_DE\" \/>\n<meta property=\"og:type\" content=\"article\" \/>\n<meta property=\"og:title\" content=\"Zeichendienstleistung\" \/>\n<meta property=\"og:description\" content=\"Unsere Zeichendienstleistungen decken den gesamten Planungsprozess f\u00fcr Kalksandsteinmauerwerk ab.Wir besprechen mit Ihrem Kunden...\" \/>\n<meta property=\"og:url\" content=\"https:\/\/plansysteme.com\/de\/softwareloesungen-industrie-4-0\/zeichendienstleistungen\/\" \/>\n<meta property=\"og:site_name\" content=\"Plansysteme\" \/>\n<meta property=\"article:publisher\" content=\"https:\/\/www.facebook.com\/login\/?next=httpswww.facebook.comPlansystemeGmbH\" \/>\n<meta property=\"article:modified_time\" content=\"2022-08-30T06:22:30+00:00\" \/>\n<meta property=\"og:image\" content=\"https:\/\/plansysteme.com\/wp-content\/uploads\/2021\/10\/zeichner.png\" \/>\n<meta name=\"twitter:card\" content=\"summary_large_image\" \/>\n<meta name=\"twitter:label1\" content=\"Gesch\u00e4tzte Lesezeit\" \/>\n\t<meta name=\"twitter:data1\" content=\"10\u00a0Minuten\" \/>\n<script type=\"application\/ld+json\" class=\"yoast-schema-graph\">{\"@context\":\"https:\\\/\\\/schema.org\",\"@graph\":[{\"@type\":\"WebPage\",\"@id\":\"https:\\\/\\\/plansysteme.com\\\/de\\\/softwareloesungen-industrie-4-0\\\/zeichendienstleistungen\\\/\",\"url\":\"https:\\\/\\\/plansysteme.com\\\/de\\\/softwareloesungen-industrie-4-0\\\/zeichendienstleistungen\\\/\",\"name\":\"Zeichendienstleistung | Industrie 4.0 L\u00f6sungen von Plansysteme\",\"isPartOf\":{\"@id\":\"https:\\\/\\\/plansysteme.com\\\/de\\\/#website\"},\"primaryImageOfPage\":{\"@id\":\"https:\\\/\\\/plansysteme.com\\\/de\\\/softwareloesungen-industrie-4-0\\\/zeichendienstleistungen\\\/#primaryimage\"},\"image\":{\"@id\":\"https:\\\/\\\/plansysteme.com\\\/de\\\/softwareloesungen-industrie-4-0\\\/zeichendienstleistungen\\\/#primaryimage\"},\"thumbnailUrl\":\"https:\\\/\\\/plansysteme.com\\\/wp-content\\\/uploads\\\/2021\\\/10\\\/zeichner.png\",\"datePublished\":\"2021-10-08T09:15:49+00:00\",\"dateModified\":\"2022-08-30T06:22:30+00:00\",\"description\":\"Unsere Zeichendienstleistungen decken den gesamten Planungsprozess f\u00fcr Kalksandsteinmauerwerk ab.Wir besprechen mit Ihrem Kunden...\",\"breadcrumb\":{\"@id\":\"https:\\\/\\\/plansysteme.com\\\/de\\\/softwareloesungen-industrie-4-0\\\/zeichendienstleistungen\\\/#breadcrumb\"},\"inLanguage\":\"de\",\"potentialAction\":[{\"@type\":\"ReadAction\",\"target\":[\"https:\\\/\\\/plansysteme.com\\\/de\\\/softwareloesungen-industrie-4-0\\\/zeichendienstleistungen\\\/\"]}]},{\"@type\":\"ImageObject\",\"inLanguage\":\"de\",\"@id\":\"https:\\\/\\\/plansysteme.com\\\/de\\\/softwareloesungen-industrie-4-0\\\/zeichendienstleistungen\\\/#primaryimage\",\"url\":\"https:\\\/\\\/plansysteme.com\\\/wp-content\\\/uploads\\\/2021\\\/10\\\/zeichner.png\",\"contentUrl\":\"https:\\\/\\\/plansysteme.com\\\/wp-content\\\/uploads\\\/2021\\\/10\\\/zeichner.png\"},{\"@type\":\"BreadcrumbList\",\"@id\":\"https:\\\/\\\/plansysteme.com\\\/de\\\/softwareloesungen-industrie-4-0\\\/zeichendienstleistungen\\\/#breadcrumb\",\"itemListElement\":[{\"@type\":\"ListItem\",\"position\":1,\"name\":\"Startseite\",\"item\":\"https:\\\/\\\/plansysteme.com\\\/de\\\/\"},{\"@type\":\"ListItem\",\"position\":2,\"name\":\"Softwarel\u00f6sungen Industrie 4.0\",\"item\":\"https:\\\/\\\/plansysteme.com\\\/de\\\/softwareloesungen-industrie-4-0\\\/\"},{\"@type\":\"ListItem\",\"position\":3,\"name\":\"Zeichendienstleistung\"}]},{\"@type\":\"WebSite\",\"@id\":\"https:\\\/\\\/plansysteme.com\\\/de\\\/#website\",\"url\":\"https:\\\/\\\/plansysteme.com\\\/de\\\/\",\"name\":\"Plansysteme\",\"description\":\"Software mit System\",\"publisher\":{\"@id\":\"https:\\\/\\\/plansysteme.com\\\/de\\\/#organization\"},\"alternateName\":\"Plansysteme GmbH\",\"potentialAction\":[{\"@type\":\"SearchAction\",\"target\":{\"@type\":\"EntryPoint\",\"urlTemplate\":\"https:\\\/\\\/plansysteme.com\\\/de\\\/?s={search_term_string}\"},\"query-input\":{\"@type\":\"PropertyValueSpecification\",\"valueRequired\":true,\"valueName\":\"search_term_string\"}}],\"inLanguage\":\"de\"},{\"@type\":\"Organization\",\"@id\":\"https:\\\/\\\/plansysteme.com\\\/de\\\/#organization\",\"name\":\"Plansysteme GmbH\",\"alternateName\":\"Plansysteme\",\"url\":\"https:\\\/\\\/plansysteme.com\\\/de\\\/\",\"logo\":{\"@type\":\"ImageObject\",\"inLanguage\":\"de\",\"@id\":\"https:\\\/\\\/plansysteme.com\\\/de\\\/#\\\/schema\\\/logo\\\/image\\\/\",\"url\":\"https:\\\/\\\/plansysteme.com\\\/wp-content\\\/uploads\\\/2022\\\/06\\\/Logo-ohne-Reiter.png\",\"contentUrl\":\"https:\\\/\\\/plansysteme.com\\\/wp-content\\\/uploads\\\/2022\\\/06\\\/Logo-ohne-Reiter.png\",\"width\":725,\"height\":175,\"caption\":\"Plansysteme GmbH\"},\"image\":{\"@id\":\"https:\\\/\\\/plansysteme.com\\\/de\\\/#\\\/schema\\\/logo\\\/image\\\/\"},\"sameAs\":[\"https:\\\/\\\/www.facebook.com\\\/login\\\/?next=httpswww.facebook.comPlansystemeGmbH\",\"https:\\\/\\\/www.linkedin.com\\\/company\\\/plansysteme-gmbh\\\/\",\"https:\\\/\\\/www.youtube.com\\\/channel\\\/UCG-FU-CijbCqIpbZcreuCZw\"]}]}<\/script>\n<!-- \/ Yoast SEO Premium plugin. -->","yoast_head_json":{"title":"Zeichendienstleistung | Industrie 4.0 L\u00f6sungen von Plansysteme","description":"Unsere Zeichendienstleistungen decken den gesamten Planungsprozess f\u00fcr Kalksandsteinmauerwerk ab.Wir besprechen mit Ihrem Kunden...","robots":{"index":"index","follow":"follow","max-snippet":"max-snippet:-1","max-image-preview":"max-image-preview:large","max-video-preview":"max-video-preview:-1"},"canonical":"https:\/\/plansysteme.com\/de\/softwareloesungen-industrie-4-0\/zeichendienstleistungen\/","og_locale":"de_DE","og_type":"article","og_title":"Zeichendienstleistung","og_description":"Unsere Zeichendienstleistungen decken den gesamten Planungsprozess f\u00fcr Kalksandsteinmauerwerk ab.Wir besprechen mit Ihrem Kunden...","og_url":"https:\/\/plansysteme.com\/de\/softwareloesungen-industrie-4-0\/zeichendienstleistungen\/","og_site_name":"Plansysteme","article_publisher":"https:\/\/www.facebook.com\/login\/?next=httpswww.facebook.comPlansystemeGmbH","article_modified_time":"2022-08-30T06:22:30+00:00","og_image":[{"url":"https:\/\/plansysteme.com\/wp-content\/uploads\/2021\/10\/zeichner.png","type":"","width":"","height":""}],"twitter_card":"summary_large_image","twitter_misc":{"Gesch\u00e4tzte Lesezeit":"10\u00a0Minuten"},"schema":{"@context":"https:\/\/schema.org","@graph":[{"@type":"WebPage","@id":"https:\/\/plansysteme.com\/de\/softwareloesungen-industrie-4-0\/zeichendienstleistungen\/","url":"https:\/\/plansysteme.com\/de\/softwareloesungen-industrie-4-0\/zeichendienstleistungen\/","name":"Zeichendienstleistung | Industrie 4.0 L\u00f6sungen von Plansysteme","isPartOf":{"@id":"https:\/\/plansysteme.com\/de\/#website"},"primaryImageOfPage":{"@id":"https:\/\/plansysteme.com\/de\/softwareloesungen-industrie-4-0\/zeichendienstleistungen\/#primaryimage"},"image":{"@id":"https:\/\/plansysteme.com\/de\/softwareloesungen-industrie-4-0\/zeichendienstleistungen\/#primaryimage"},"thumbnailUrl":"https:\/\/plansysteme.com\/wp-content\/uploads\/2021\/10\/zeichner.png","datePublished":"2021-10-08T09:15:49+00:00","dateModified":"2022-08-30T06:22:30+00:00","description":"Unsere Zeichendienstleistungen decken den gesamten Planungsprozess f\u00fcr Kalksandsteinmauerwerk ab.Wir besprechen mit Ihrem Kunden...","breadcrumb":{"@id":"https:\/\/plansysteme.com\/de\/softwareloesungen-industrie-4-0\/zeichendienstleistungen\/#breadcrumb"},"inLanguage":"de","potentialAction":[{"@type":"ReadAction","target":["https:\/\/plansysteme.com\/de\/softwareloesungen-industrie-4-0\/zeichendienstleistungen\/"]}]},{"@type":"ImageObject","inLanguage":"de","@id":"https:\/\/plansysteme.com\/de\/softwareloesungen-industrie-4-0\/zeichendienstleistungen\/#primaryimage","url":"https:\/\/plansysteme.com\/wp-content\/uploads\/2021\/10\/zeichner.png","contentUrl":"https:\/\/plansysteme.com\/wp-content\/uploads\/2021\/10\/zeichner.png"},{"@type":"BreadcrumbList","@id":"https:\/\/plansysteme.com\/de\/softwareloesungen-industrie-4-0\/zeichendienstleistungen\/#breadcrumb","itemListElement":[{"@type":"ListItem","position":1,"name":"Startseite","item":"https:\/\/plansysteme.com\/de\/"},{"@type":"ListItem","position":2,"name":"Softwarel\u00f6sungen Industrie 4.0","item":"https:\/\/plansysteme.com\/de\/softwareloesungen-industrie-4-0\/"},{"@type":"ListItem","position":3,"name":"Zeichendienstleistung"}]},{"@type":"WebSite","@id":"https:\/\/plansysteme.com\/de\/#website","url":"https:\/\/plansysteme.com\/de\/","name":"Plansysteme","description":"Software mit System","publisher":{"@id":"https:\/\/plansysteme.com\/de\/#organization"},"alternateName":"Plansysteme GmbH","potentialAction":[{"@type":"SearchAction","target":{"@type":"EntryPoint","urlTemplate":"https:\/\/plansysteme.com\/de\/?s={search_term_string}"},"query-input":{"@type":"PropertyValueSpecification","valueRequired":true,"valueName":"search_term_string"}}],"inLanguage":"de"},{"@type":"Organization","@id":"https:\/\/plansysteme.com\/de\/#organization","name":"Plansysteme GmbH","alternateName":"Plansysteme","url":"https:\/\/plansysteme.com\/de\/","logo":{"@type":"ImageObject","inLanguage":"de","@id":"https:\/\/plansysteme.com\/de\/#\/schema\/logo\/image\/","url":"https:\/\/plansysteme.com\/wp-content\/uploads\/2022\/06\/Logo-ohne-Reiter.png","contentUrl":"https:\/\/plansysteme.com\/wp-content\/uploads\/2022\/06\/Logo-ohne-Reiter.png","width":725,"height":175,"caption":"Plansysteme GmbH"},"image":{"@id":"https:\/\/plansysteme.com\/de\/#\/schema\/logo\/image\/"},"sameAs":["https:\/\/www.facebook.com\/login\/?next=httpswww.facebook.comPlansystemeGmbH","https:\/\/www.linkedin.com\/company\/plansysteme-gmbh\/","https:\/\/www.youtube.com\/channel\/UCG-FU-CijbCqIpbZcreuCZw"]}]}},"_links":{"self":[{"href":"https:\/\/plansysteme.com\/de\/wp-json\/wp\/v2\/pages\/202","targetHints":{"allow":["GET"]}}],"collection":[{"href":"https:\/\/plansysteme.com\/de\/wp-json\/wp\/v2\/pages"}],"about":[{"href":"https:\/\/plansysteme.com\/de\/wp-json\/wp\/v2\/types\/page"}],"author":[{"embeddable":true,"href":"https:\/\/plansysteme.com\/de\/wp-json\/wp\/v2\/users\/1"}],"replies":[{"embeddable":true,"href":"https:\/\/plansysteme.com\/de\/wp-json\/wp\/v2\/comments?post=202"}],"version-history":[{"count":0,"href":"https:\/\/plansysteme.com\/de\/wp-json\/wp\/v2\/pages\/202\/revisions"}],"up":[{"embeddable":true,"href":"https:\/\/plansysteme.com\/de\/wp-json\/wp\/v2\/pages\/132"}],"wp:attachment":[{"href":"https:\/\/plansysteme.com\/de\/wp-json\/wp\/v2\/media?parent=202"}],"curies":[{"name":"wp","href":"https:\/\/api.w.org\/{rel}","templated":true}]}}