{"id":195,"date":"2021-10-08T11:08:18","date_gmt":"2021-10-08T09:08:18","guid":{"rendered":"https:\/\/plansysteme.com\/?page_id=195"},"modified":"2022-08-30T08:18:24","modified_gmt":"2022-08-30T06:18:24","slug":"planxchange-ar-app","status":"publish","type":"page","link":"https:\/\/plansysteme.com\/de\/softwareloesungen-industrie-4-0\/planxchange-ar-app\/","title":{"rendered":"PlanXchange AR App"},"content":{"rendered":"<p><div class=\"fusion-fullwidth fullwidth-box fusion-builder-row-1 fusion-flex-container fusion-parallax-none nonhundred-percent-fullwidth non-hundred-percent-height-scrolling\" style=\"--awb-border-radius-top-left:0px;--awb-border-radius-top-right:0px;--awb-border-radius-bottom-right:0px;--awb-border-radius-bottom-left:0px;--awb-min-height:416px;--awb-background-image:url(&quot;https:\/\/plansysteme.com\/wp-content\/uploads\/2022\/06\/Industrie-softwareloesung.jpg&quot;);--awb-background-size:cover;--awb-flex-wrap:wrap;\" ><div class=\"fusion-builder-row fusion-row fusion-flex-align-items-flex-start fusion-flex-content-wrap\" style=\"max-width:1352px;margin-left: calc(-4% \/ 2 );margin-right: calc(-4% \/ 2 );\"><div class=\"fusion-layout-column fusion_builder_column fusion-builder-column-0 fusion_builder_column_1_1 1_1 fusion-flex-column\" style=\"--awb-bg-size:cover;--awb-width-large:100%;--awb-margin-top-large:0px;--awb-spacing-right-large:1.92%;--awb-margin-bottom-large:20px;--awb-spacing-left-large:1.92%;--awb-width-medium:100%;--awb-order-medium:0;--awb-spacing-right-medium:1.92%;--awb-spacing-left-medium:1.92%;--awb-width-small:100%;--awb-order-small:0;--awb-spacing-right-small:1.92%;--awb-spacing-left-small:1.92%;\"><div class=\"fusion-column-wrapper fusion-column-has-shadow fusion-flex-justify-content-flex-start fusion-content-layout-row fusion-flex-align-items-center\"><div class=\"fusion-title title fusion-title-1 fusion-sep-none fusion-title-center fusion-title-text fusion-title-size-one\" style=\"--awb-margin-top:150px;--awb-margin-right:50px;--awb-margin-top-small:10px;--awb-margin-right-small:0px;--awb-margin-bottom-small:10px;--awb-margin-left-small:0px;\"><h1 class=\"fusion-title-heading title-heading-center\" style=\"margin:0;\">PLANXCHANGE AR APP | AUGMENTED REALITY INDUSTRIE 4.0 L\u00d6SUNGEN<\/h1><\/div><\/div><\/div><\/div><\/div><div class=\"fusion-fullwidth fullwidth-box fusion-builder-row-2 fusion-flex-container nonhundred-percent-fullwidth non-hundred-percent-height-scrolling\" style=\"--awb-border-radius-top-left:0px;--awb-border-radius-top-right:0px;--awb-border-radius-bottom-right:0px;--awb-border-radius-bottom-left:0px;--awb-flex-wrap:wrap;\" ><div class=\"fusion-builder-row fusion-row fusion-flex-align-items-flex-start fusion-flex-content-wrap\" style=\"max-width:1352px;margin-left: calc(-4% \/ 2 );margin-right: calc(-4% \/ 2 );\"><div class=\"fusion-layout-column fusion_builder_column fusion-builder-column-1 fusion_builder_column_1_3 1_3 fusion-flex-column\" style=\"--awb-bg-size:cover;--awb-width-large:33.333333333333%;--awb-margin-top-large:0px;--awb-spacing-right-large:5.76%;--awb-margin-bottom-large:20px;--awb-spacing-left-large:5.76%;--awb-width-medium:33.333333333333%;--awb-order-medium:0;--awb-spacing-right-medium:5.76%;--awb-spacing-left-medium:5.76%;--awb-width-small:100%;--awb-order-small:0;--awb-spacing-right-small:1.92%;--awb-spacing-left-small:1.92%;\"><div class=\"fusion-column-wrapper fusion-column-has-shadow fusion-flex-justify-content-flex-start fusion-content-layout-column\"><div class=\"fusion-text fusion-text-1\"><p><img decoding=\"async\" class=\"alignnone wp-image-197 size-full\" src=\"https:\/\/plansysteme.com\/wp-content\/uploads\/2021\/10\/Planxchange.png\" alt=\"Planxchange\" width=\"800\" height=\"800\" srcset=\"https:\/\/plansysteme.com\/wp-content\/uploads\/2021\/10\/Planxchange-66x66.png 66w, https:\/\/plansysteme.com\/wp-content\/uploads\/2021\/10\/Planxchange-150x150.png 150w, https:\/\/plansysteme.com\/wp-content\/uploads\/2021\/10\/Planxchange-200x200.png 200w, https:\/\/plansysteme.com\/wp-content\/uploads\/2021\/10\/Planxchange-300x300.png 300w, https:\/\/plansysteme.com\/wp-content\/uploads\/2021\/10\/Planxchange-400x400.png 400w, https:\/\/plansysteme.com\/wp-content\/uploads\/2021\/10\/Planxchange-600x600.png 600w, https:\/\/plansysteme.com\/wp-content\/uploads\/2021\/10\/Planxchange-768x768.png 768w, https:\/\/plansysteme.com\/wp-content\/uploads\/2021\/10\/Planxchange.png 800w\" sizes=\"(max-width: 800px) 100vw, 800px\" \/><\/p>\n<\/div><\/div><\/div><div class=\"fusion-layout-column fusion_builder_column fusion-builder-column-2 fusion_builder_column_2_3 2_3 fusion-flex-column\" style=\"--awb-bg-size:cover;--awb-width-large:66.666666666667%;--awb-margin-top-large:0px;--awb-spacing-right-large:2.88%;--awb-margin-bottom-large:20px;--awb-spacing-left-large:2.88%;--awb-width-medium:66.666666666667%;--awb-order-medium:0;--awb-spacing-right-medium:2.88%;--awb-spacing-left-medium:2.88%;--awb-width-small:100%;--awb-order-small:0;--awb-spacing-right-small:1.92%;--awb-spacing-left-small:1.92%;\"><div class=\"fusion-column-wrapper fusion-column-has-shadow fusion-flex-justify-content-flex-start fusion-content-layout-column\"><div class=\"fusion-separator fusion-full-width-sep\" style=\"align-self: center;margin-left: auto;margin-right: auto;margin-bottom:60px;width:100%;\"><\/div>\n<div class=\"fusion-separator fusion-no-small-visibility\" style=\"align-self: flex-start;margin-right:auto;margin-bottom:15px;width:100%;max-width:25px;\"><div class=\"fusion-separator-border sep-single sep-solid\" style=\"--awb-height:20px;--awb-amount:20px;--awb-sep-color:#b51621;border-color:#b51621;border-top-width:1px;\"><\/div><\/div>\n<div class=\"fusion-text fusion-text-2\"><h2>planXchange AR-APP<\/h2>\n<p>AUGMENTED REALITY (AR) F\u00dcR GEB\u00c4UDEMODELLE<\/p>\n<\/div><\/div><\/div><div class=\"fusion-layout-column fusion_builder_column fusion-builder-column-3 fusion_builder_column_1_1 1_1 fusion-flex-column\" style=\"--awb-bg-size:cover;--awb-width-large:100%;--awb-margin-top-large:0px;--awb-spacing-right-large:1.92%;--awb-margin-bottom-large:20px;--awb-spacing-left-large:1.92%;--awb-width-medium:100%;--awb-order-medium:0;--awb-spacing-right-medium:1.92%;--awb-spacing-left-medium:1.92%;--awb-width-small:100%;--awb-order-small:0;--awb-spacing-right-small:1.92%;--awb-spacing-left-small:1.92%;\"><div class=\"fusion-column-wrapper fusion-column-has-shadow fusion-flex-justify-content-flex-start fusion-content-layout-column\"><div class=\"fusion-text fusion-text-3\"><p>Mit Augmented Reality (engl. erweiterte Realit\u00e4t) kurz AR wird eine moderne Technologie bezeichnet, die computergest\u00fctzt die visuelle Realit\u00e4t erweitert. Mit der planXchange AR-App wird ein von einem Tablet oder Smartphone aufgenommenes Live-Bild durch zus\u00e4tzliche Informationen erweitert: so wird u.a. das dreidimensionale Geb\u00e4udemodell auf einen zweidimensionalen, auf Papier gedruckten Grundriss projiziert.<\/p>\n<p>Dar\u00fcber hinaus kann diese Visualisierung auch weitere Funktionen anbieten, die das direkte Ver\u00e4ndern des dreidimensionalen Geb\u00e4udes (z.B. Farbe der Dachdeckung, Art der Au\u00dfenschale, Fenstertypen etc.) erlauben. Somit kann es aktiv zur Vertriebsunterst\u00fctzung genutzt werden. Das Geb\u00e4ude mit der gew\u00fcnschten Ausstattung wird f\u00fcr den Betrachter &#8222;greifbar&#8220; und erzeugt so eine neue Dimension von Emotionen.<\/p>\n<\/div><\/div><\/div><div class=\"fusion-layout-column fusion_builder_column fusion-builder-column-4 fusion_builder_column_1_2 1_2 fusion-flex-column\" style=\"--awb-bg-size:cover;--awb-width-large:50%;--awb-margin-top-large:0px;--awb-spacing-right-large:3.84%;--awb-margin-bottom-large:20px;--awb-spacing-left-large:3.84%;--awb-width-medium:50%;--awb-order-medium:0;--awb-spacing-right-medium:3.84%;--awb-spacing-left-medium:3.84%;--awb-width-small:100%;--awb-order-small:0;--awb-spacing-right-small:1.92%;--awb-spacing-left-small:1.92%;\"><div class=\"fusion-column-wrapper fusion-column-has-shadow fusion-flex-justify-content-flex-start fusion-content-layout-column\"><div class=\"fusion-text fusion-text-4\"><h2>DIE AUSGANGSSITUATION<\/h2>\n<p>Versenden Sie Kataloge an potenzielle Bauherren und stellen darin eine Vielzahl von verschiedenen Geb\u00e4udemodellen mit Hilfe von Fotos und Geb\u00e4udegrundrissen aus?<\/p>\n<p>Der zuk\u00fcnftige Bauherr (Kunde) kann bei diesen Haustypen innerhalb eines festen Rahmens aus verschiedenen Ausstattungsmerkmalen, die auch teilweise im Katalog per Foto dargestellt werden, w\u00e4hlen. Es obliegt aber zumeist der Vorstellungskraft des Kunden, sich das endg\u00fcltige Geb\u00e4ude in seinem \u00e4u\u00dferen Erscheinungsbild vorzustellen.<\/p>\n<\/div><\/div><\/div><div class=\"fusion-layout-column fusion_builder_column fusion-builder-column-5 fusion_builder_column_1_2 1_2 fusion-flex-column\" style=\"--awb-bg-size:cover;--awb-width-large:50%;--awb-margin-top-large:0px;--awb-spacing-right-large:3.84%;--awb-margin-bottom-large:20px;--awb-spacing-left-large:3.84%;--awb-width-medium:50%;--awb-order-medium:0;--awb-spacing-right-medium:3.84%;--awb-spacing-left-medium:3.84%;--awb-width-small:100%;--awb-order-small:0;--awb-spacing-right-small:1.92%;--awb-spacing-left-small:1.92%;\"><div class=\"fusion-column-wrapper fusion-column-has-shadow fusion-flex-justify-content-flex-start fusion-content-layout-column\"><div class=\"fusion-text fusion-text-5\"><h2>DER ANWENDUNGSFALL<\/h2>\n<p>Um dem Kunden die M\u00f6glichkeit zu geben, sich \u201esein\u201c Haus ad hoc anzuschauen, kann die Augmented Reality Technologie erfolgreich eingesetzt werden. Dazu kann der Kunde z.B. ein Smartphone oder Tablet nutzen, auf das zun\u00e4chst aus dem App-Store seines Ger\u00e4teherstellers Ihre AR-App geladen wird. Sobald die App gestartet ist, zeigt diese das Kamerabild des Ger\u00e4tes an. Wird die Kamera \u00fcber einen Geb\u00e4udegrundriss auf einer Katalogseite gehalten, erhebt sich das entsprechende dreidimensionale Geb\u00e4udemodell als \u201eHaus auf der Seite\u201c im Display des Mobilger\u00e4tes.<\/p>\n<p>Der Kunde kann sich nun dem virtuellen Haus n\u00e4hern, um sich mehr Details aus der N\u00e4he anzuschauen oder sich weiter entfernen, um sich einen besseren \u00dcberblick zu verschaffen. Das virtuelle Haus kann von allen Seiten betrachtet werden, sogar das \u201eBetreten\u201c des Hauses ist m\u00f6glich. \u00dcber eine Auswahlfunktion auf der Oberfl\u00e4che der App k\u00f6nnen je nach Geb\u00e4udetyp verschiedene Optionen gew\u00e4hlt werden. So kann der Kunde z.B. den Verblender, die Dacheindeckung, den Fenstertyp, Rahmenfarben etc. ausw\u00e4hlen und sich so sein pers\u00f6nliches Geb\u00e4ude zusammenstellt. Bei einer vergr\u00f6\u00dferten Darstellung ist auch die Auswahl von Innendetails, wie z.B. Innent\u00fcren, Wandfarben und Treppen m\u00f6glich.<\/p>\n<\/div><\/div><\/div><div class=\"fusion-layout-column fusion_builder_column fusion-builder-column-6 fusion_builder_column_1_6 1_6 fusion-flex-column\" style=\"--awb-bg-size:cover;--awb-width-large:16.666666666667%;--awb-margin-top-large:0px;--awb-spacing-right-large:11.52%;--awb-margin-bottom-large:20px;--awb-spacing-left-large:11.52%;--awb-width-medium:16.666666666667%;--awb-order-medium:0;--awb-spacing-right-medium:11.52%;--awb-spacing-left-medium:11.52%;--awb-width-small:100%;--awb-order-small:0;--awb-spacing-right-small:1.92%;--awb-spacing-left-small:1.92%;\"><div class=\"fusion-column-wrapper fusion-column-has-shadow fusion-flex-justify-content-flex-start fusion-content-layout-column\"><\/div><\/div><div class=\"fusion-layout-column fusion_builder_column fusion-builder-column-7 fusion_builder_column_2_3 2_3 fusion-flex-column fusion-animated\" style=\"--awb-bg-size:cover;--awb-width-large:66.666666666667%;--awb-margin-top-large:0px;--awb-spacing-right-large:2.88%;--awb-margin-bottom-large:20px;--awb-spacing-left-large:2.88%;--awb-width-medium:66.666666666667%;--awb-order-medium:0;--awb-spacing-right-medium:2.88%;--awb-spacing-left-medium:2.88%;--awb-width-small:100%;--awb-order-small:0;--awb-spacing-right-small:1.92%;--awb-spacing-left-small:1.92%;\" data-animationType=\"fadeInRight\" data-animationDuration=\"1.2\" data-animationOffset=\"top-into-view\"><div class=\"fusion-column-wrapper fusion-column-has-shadow fusion-flex-justify-content-flex-start fusion-content-layout-column\"><div class=\"fusion-separator fusion-no-small-visibility\" style=\"align-self: flex-start;margin-right:auto;margin-bottom:15px;width:100%;max-width:25px;\"><div class=\"fusion-separator-border sep-single sep-solid\" style=\"--awb-height:20px;--awb-amount:20px;--awb-sep-color:#b51621;border-color:#b51621;border-top-width:1px;\"><\/div><\/div>\n<div class=\"fusion-text fusion-text-6\"><div style=\"color: #b51621;\">PLANSYSTEME<\/div>\n<h3>IHR ANSPRECHPARTNER<\/h3>\n<p>Wenn Sie Fragen zu diesem Produkt haben, melden Sie sich gern bei uns<\/p>\n<p><img decoding=\"async\" class=\"size-full wp-image-338 aligncenter\" src=\"https:\/\/plansysteme.com\/wp-content\/uploads\/2021\/10\/Kontakt-Arne.jpg\" alt=\"Arne Thurm\" width=\"450\" height=\"675\" srcset=\"https:\/\/plansysteme.com\/wp-content\/uploads\/2021\/10\/Kontakt-Arne-200x300.jpg 200w, https:\/\/plansysteme.com\/wp-content\/uploads\/2021\/10\/Kontakt-Arne-400x600.jpg 400w, https:\/\/plansysteme.com\/wp-content\/uploads\/2021\/10\/Kontakt-Arne.jpg 450w\" sizes=\"(max-width: 450px) 100vw, 450px\" \/><\/p>\n<h3 style=\"text-align: center;\">ARNE THURM<\/h3>\n<p style=\"text-align: center;\">Director Industry Solutions<\/p>\n<p style=\"text-align: center;\">Telefon: +49 40 237 202-0<\/p>\n<\/div><div style=\"text-align:center;\"><a class=\"fusion-button button-flat button-xlarge button-default fusion-button-default button-1 fusion-button-default-span fusion-button-default-type\" style=\"--button_text_transform:uppercase;\" target=\"_self\" title=\"Kontakt\" aria-label=\"Kontakt\" href=\"https:\/\/plansysteme.com\/de\/kontakt\"><span class=\"fusion-button-text awb-button__text awb-button__text--default\">Kontakt zu Arne<\/span><\/a><\/div><\/div><\/div>\n<div class=\"fusion-layout-column fusion_builder_column fusion-builder-column-8 fusion_builder_column_1_6 1_6 fusion-flex-column\" style=\"--awb-bg-size:cover;--awb-width-large:16.666666666667%;--awb-margin-top-large:0px;--awb-spacing-right-large:11.52%;--awb-margin-bottom-large:20px;--awb-spacing-left-large:11.52%;--awb-width-medium:16.666666666667%;--awb-order-medium:0;--awb-spacing-right-medium:11.52%;--awb-spacing-left-medium:11.52%;--awb-width-small:100%;--awb-order-small:0;--awb-spacing-right-small:1.92%;--awb-spacing-left-small:1.92%;\"><div class=\"fusion-column-wrapper fusion-column-has-shadow fusion-flex-justify-content-flex-start fusion-content-layout-column\"><\/div><\/div><\/div><\/div><\/p>\n","protected":false},"excerpt":{"rendered":"","protected":false},"author":1,"featured_media":0,"parent":132,"menu_order":0,"comment_status":"closed","ping_status":"closed","template":"100-width.php","meta":{"footnotes":""},"class_list":["post-195","page","type-page","status-publish","hentry"],"yoast_head":"<!-- This site is optimized with the Yoast SEO Premium plugin v20.11 (Yoast SEO v27.4) - https:\/\/yoast.com\/product\/yoast-seo-premium-wordpress\/ -->\n<title>PlanXchange AR App | Augmented Reality Industrie 4.0<\/title>\n<meta name=\"description\" content=\"So wird u.a. das dreidimensionale Geb\u00e4udemodell auf einen zweidimensionalen, auf Papier gedruckten Grundriss projiziert...\" \/>\n<meta name=\"robots\" content=\"index, follow, max-snippet:-1, max-image-preview:large, max-video-preview:-1\" \/>\n<link rel=\"canonical\" href=\"https:\/\/plansysteme.com\/de\/softwareloesungen-industrie-4-0\/planxchange-ar-app\/\" \/>\n<meta property=\"og:locale\" content=\"de_DE\" \/>\n<meta property=\"og:type\" content=\"article\" \/>\n<meta property=\"og:title\" content=\"PlanXchange AR App\" \/>\n<meta property=\"og:description\" content=\"So wird u.a. das dreidimensionale Geb\u00e4udemodell auf einen zweidimensionalen, auf Papier gedruckten Grundriss projiziert...\" \/>\n<meta property=\"og:url\" content=\"https:\/\/plansysteme.com\/de\/softwareloesungen-industrie-4-0\/planxchange-ar-app\/\" \/>\n<meta property=\"og:site_name\" content=\"Plansysteme\" \/>\n<meta property=\"article:publisher\" content=\"https:\/\/www.facebook.com\/login\/?next=httpswww.facebook.comPlansystemeGmbH\" \/>\n<meta property=\"article:modified_time\" content=\"2022-08-30T06:18:24+00:00\" \/>\n<meta property=\"og:image\" content=\"https:\/\/plansysteme.com\/wp-content\/uploads\/2021\/10\/Planxchange.png\" \/>\n<meta name=\"twitter:card\" content=\"summary_large_image\" \/>\n<meta name=\"twitter:label1\" content=\"Gesch\u00e4tzte Lesezeit\" \/>\n\t<meta name=\"twitter:data1\" content=\"11\u00a0Minuten\" \/>\n<script type=\"application\/ld+json\" class=\"yoast-schema-graph\">{\"@context\":\"https:\\\/\\\/schema.org\",\"@graph\":[{\"@type\":\"WebPage\",\"@id\":\"https:\\\/\\\/plansysteme.com\\\/de\\\/softwareloesungen-industrie-4-0\\\/planxchange-ar-app\\\/\",\"url\":\"https:\\\/\\\/plansysteme.com\\\/de\\\/softwareloesungen-industrie-4-0\\\/planxchange-ar-app\\\/\",\"name\":\"PlanXchange AR App | Augmented Reality Industrie 4.0\",\"isPartOf\":{\"@id\":\"https:\\\/\\\/plansysteme.com\\\/de\\\/#website\"},\"primaryImageOfPage\":{\"@id\":\"https:\\\/\\\/plansysteme.com\\\/de\\\/softwareloesungen-industrie-4-0\\\/planxchange-ar-app\\\/#primaryimage\"},\"image\":{\"@id\":\"https:\\\/\\\/plansysteme.com\\\/de\\\/softwareloesungen-industrie-4-0\\\/planxchange-ar-app\\\/#primaryimage\"},\"thumbnailUrl\":\"https:\\\/\\\/plansysteme.com\\\/wp-content\\\/uploads\\\/2021\\\/10\\\/Planxchange.png\",\"datePublished\":\"2021-10-08T09:08:18+00:00\",\"dateModified\":\"2022-08-30T06:18:24+00:00\",\"description\":\"So wird u.a. das dreidimensionale Geb\u00e4udemodell auf einen zweidimensionalen, auf Papier gedruckten Grundriss projiziert...\",\"breadcrumb\":{\"@id\":\"https:\\\/\\\/plansysteme.com\\\/de\\\/softwareloesungen-industrie-4-0\\\/planxchange-ar-app\\\/#breadcrumb\"},\"inLanguage\":\"de\",\"potentialAction\":[{\"@type\":\"ReadAction\",\"target\":[\"https:\\\/\\\/plansysteme.com\\\/de\\\/softwareloesungen-industrie-4-0\\\/planxchange-ar-app\\\/\"]}]},{\"@type\":\"ImageObject\",\"inLanguage\":\"de\",\"@id\":\"https:\\\/\\\/plansysteme.com\\\/de\\\/softwareloesungen-industrie-4-0\\\/planxchange-ar-app\\\/#primaryimage\",\"url\":\"https:\\\/\\\/plansysteme.com\\\/wp-content\\\/uploads\\\/2021\\\/10\\\/Planxchange.png\",\"contentUrl\":\"https:\\\/\\\/plansysteme.com\\\/wp-content\\\/uploads\\\/2021\\\/10\\\/Planxchange.png\"},{\"@type\":\"BreadcrumbList\",\"@id\":\"https:\\\/\\\/plansysteme.com\\\/de\\\/softwareloesungen-industrie-4-0\\\/planxchange-ar-app\\\/#breadcrumb\",\"itemListElement\":[{\"@type\":\"ListItem\",\"position\":1,\"name\":\"Startseite\",\"item\":\"https:\\\/\\\/plansysteme.com\\\/de\\\/\"},{\"@type\":\"ListItem\",\"position\":2,\"name\":\"Softwarel\u00f6sungen Industrie 4.0\",\"item\":\"https:\\\/\\\/plansysteme.com\\\/de\\\/softwareloesungen-industrie-4-0\\\/\"},{\"@type\":\"ListItem\",\"position\":3,\"name\":\"PlanXchange AR App\"}]},{\"@type\":\"WebSite\",\"@id\":\"https:\\\/\\\/plansysteme.com\\\/de\\\/#website\",\"url\":\"https:\\\/\\\/plansysteme.com\\\/de\\\/\",\"name\":\"Plansysteme\",\"description\":\"Software mit System\",\"publisher\":{\"@id\":\"https:\\\/\\\/plansysteme.com\\\/de\\\/#organization\"},\"alternateName\":\"Plansysteme GmbH\",\"potentialAction\":[{\"@type\":\"SearchAction\",\"target\":{\"@type\":\"EntryPoint\",\"urlTemplate\":\"https:\\\/\\\/plansysteme.com\\\/de\\\/?s={search_term_string}\"},\"query-input\":{\"@type\":\"PropertyValueSpecification\",\"valueRequired\":true,\"valueName\":\"search_term_string\"}}],\"inLanguage\":\"de\"},{\"@type\":\"Organization\",\"@id\":\"https:\\\/\\\/plansysteme.com\\\/de\\\/#organization\",\"name\":\"Plansysteme GmbH\",\"alternateName\":\"Plansysteme\",\"url\":\"https:\\\/\\\/plansysteme.com\\\/de\\\/\",\"logo\":{\"@type\":\"ImageObject\",\"inLanguage\":\"de\",\"@id\":\"https:\\\/\\\/plansysteme.com\\\/de\\\/#\\\/schema\\\/logo\\\/image\\\/\",\"url\":\"https:\\\/\\\/plansysteme.com\\\/wp-content\\\/uploads\\\/2022\\\/06\\\/Logo-ohne-Reiter.png\",\"contentUrl\":\"https:\\\/\\\/plansysteme.com\\\/wp-content\\\/uploads\\\/2022\\\/06\\\/Logo-ohne-Reiter.png\",\"width\":725,\"height\":175,\"caption\":\"Plansysteme GmbH\"},\"image\":{\"@id\":\"https:\\\/\\\/plansysteme.com\\\/de\\\/#\\\/schema\\\/logo\\\/image\\\/\"},\"sameAs\":[\"https:\\\/\\\/www.facebook.com\\\/login\\\/?next=httpswww.facebook.comPlansystemeGmbH\",\"https:\\\/\\\/www.linkedin.com\\\/company\\\/plansysteme-gmbh\\\/\",\"https:\\\/\\\/www.youtube.com\\\/channel\\\/UCG-FU-CijbCqIpbZcreuCZw\"]}]}<\/script>\n<!-- \/ Yoast SEO Premium plugin. -->","yoast_head_json":{"title":"PlanXchange AR App | Augmented Reality Industrie 4.0","description":"So wird u.a. das dreidimensionale Geb\u00e4udemodell auf einen zweidimensionalen, auf Papier gedruckten Grundriss projiziert...","robots":{"index":"index","follow":"follow","max-snippet":"max-snippet:-1","max-image-preview":"max-image-preview:large","max-video-preview":"max-video-preview:-1"},"canonical":"https:\/\/plansysteme.com\/de\/softwareloesungen-industrie-4-0\/planxchange-ar-app\/","og_locale":"de_DE","og_type":"article","og_title":"PlanXchange AR App","og_description":"So wird u.a. das dreidimensionale Geb\u00e4udemodell auf einen zweidimensionalen, auf Papier gedruckten Grundriss projiziert...","og_url":"https:\/\/plansysteme.com\/de\/softwareloesungen-industrie-4-0\/planxchange-ar-app\/","og_site_name":"Plansysteme","article_publisher":"https:\/\/www.facebook.com\/login\/?next=httpswww.facebook.comPlansystemeGmbH","article_modified_time":"2022-08-30T06:18:24+00:00","og_image":[{"url":"https:\/\/plansysteme.com\/wp-content\/uploads\/2021\/10\/Planxchange.png","type":"","width":"","height":""}],"twitter_card":"summary_large_image","twitter_misc":{"Gesch\u00e4tzte Lesezeit":"11\u00a0Minuten"},"schema":{"@context":"https:\/\/schema.org","@graph":[{"@type":"WebPage","@id":"https:\/\/plansysteme.com\/de\/softwareloesungen-industrie-4-0\/planxchange-ar-app\/","url":"https:\/\/plansysteme.com\/de\/softwareloesungen-industrie-4-0\/planxchange-ar-app\/","name":"PlanXchange AR App | Augmented Reality Industrie 4.0","isPartOf":{"@id":"https:\/\/plansysteme.com\/de\/#website"},"primaryImageOfPage":{"@id":"https:\/\/plansysteme.com\/de\/softwareloesungen-industrie-4-0\/planxchange-ar-app\/#primaryimage"},"image":{"@id":"https:\/\/plansysteme.com\/de\/softwareloesungen-industrie-4-0\/planxchange-ar-app\/#primaryimage"},"thumbnailUrl":"https:\/\/plansysteme.com\/wp-content\/uploads\/2021\/10\/Planxchange.png","datePublished":"2021-10-08T09:08:18+00:00","dateModified":"2022-08-30T06:18:24+00:00","description":"So wird u.a. das dreidimensionale Geb\u00e4udemodell auf einen zweidimensionalen, auf Papier gedruckten Grundriss projiziert...","breadcrumb":{"@id":"https:\/\/plansysteme.com\/de\/softwareloesungen-industrie-4-0\/planxchange-ar-app\/#breadcrumb"},"inLanguage":"de","potentialAction":[{"@type":"ReadAction","target":["https:\/\/plansysteme.com\/de\/softwareloesungen-industrie-4-0\/planxchange-ar-app\/"]}]},{"@type":"ImageObject","inLanguage":"de","@id":"https:\/\/plansysteme.com\/de\/softwareloesungen-industrie-4-0\/planxchange-ar-app\/#primaryimage","url":"https:\/\/plansysteme.com\/wp-content\/uploads\/2021\/10\/Planxchange.png","contentUrl":"https:\/\/plansysteme.com\/wp-content\/uploads\/2021\/10\/Planxchange.png"},{"@type":"BreadcrumbList","@id":"https:\/\/plansysteme.com\/de\/softwareloesungen-industrie-4-0\/planxchange-ar-app\/#breadcrumb","itemListElement":[{"@type":"ListItem","position":1,"name":"Startseite","item":"https:\/\/plansysteme.com\/de\/"},{"@type":"ListItem","position":2,"name":"Softwarel\u00f6sungen Industrie 4.0","item":"https:\/\/plansysteme.com\/de\/softwareloesungen-industrie-4-0\/"},{"@type":"ListItem","position":3,"name":"PlanXchange AR App"}]},{"@type":"WebSite","@id":"https:\/\/plansysteme.com\/de\/#website","url":"https:\/\/plansysteme.com\/de\/","name":"Plansysteme","description":"Software mit System","publisher":{"@id":"https:\/\/plansysteme.com\/de\/#organization"},"alternateName":"Plansysteme GmbH","potentialAction":[{"@type":"SearchAction","target":{"@type":"EntryPoint","urlTemplate":"https:\/\/plansysteme.com\/de\/?s={search_term_string}"},"query-input":{"@type":"PropertyValueSpecification","valueRequired":true,"valueName":"search_term_string"}}],"inLanguage":"de"},{"@type":"Organization","@id":"https:\/\/plansysteme.com\/de\/#organization","name":"Plansysteme GmbH","alternateName":"Plansysteme","url":"https:\/\/plansysteme.com\/de\/","logo":{"@type":"ImageObject","inLanguage":"de","@id":"https:\/\/plansysteme.com\/de\/#\/schema\/logo\/image\/","url":"https:\/\/plansysteme.com\/wp-content\/uploads\/2022\/06\/Logo-ohne-Reiter.png","contentUrl":"https:\/\/plansysteme.com\/wp-content\/uploads\/2022\/06\/Logo-ohne-Reiter.png","width":725,"height":175,"caption":"Plansysteme GmbH"},"image":{"@id":"https:\/\/plansysteme.com\/de\/#\/schema\/logo\/image\/"},"sameAs":["https:\/\/www.facebook.com\/login\/?next=httpswww.facebook.comPlansystemeGmbH","https:\/\/www.linkedin.com\/company\/plansysteme-gmbh\/","https:\/\/www.youtube.com\/channel\/UCG-FU-CijbCqIpbZcreuCZw"]}]}},"_links":{"self":[{"href":"https:\/\/plansysteme.com\/de\/wp-json\/wp\/v2\/pages\/195","targetHints":{"allow":["GET"]}}],"collection":[{"href":"https:\/\/plansysteme.com\/de\/wp-json\/wp\/v2\/pages"}],"about":[{"href":"https:\/\/plansysteme.com\/de\/wp-json\/wp\/v2\/types\/page"}],"author":[{"embeddable":true,"href":"https:\/\/plansysteme.com\/de\/wp-json\/wp\/v2\/users\/1"}],"replies":[{"embeddable":true,"href":"https:\/\/plansysteme.com\/de\/wp-json\/wp\/v2\/comments?post=195"}],"version-history":[{"count":0,"href":"https:\/\/plansysteme.com\/de\/wp-json\/wp\/v2\/pages\/195\/revisions"}],"up":[{"embeddable":true,"href":"https:\/\/plansysteme.com\/de\/wp-json\/wp\/v2\/pages\/132"}],"wp:attachment":[{"href":"https:\/\/plansysteme.com\/de\/wp-json\/wp\/v2\/media?parent=195"}],"curies":[{"name":"wp","href":"https:\/\/api.w.org\/{rel}","templated":true}]}}