{"id":173,"date":"2021-10-08T09:18:56","date_gmt":"2021-10-08T07:18:56","guid":{"rendered":"https:\/\/plansysteme.com\/?page_id=173"},"modified":"2023-01-24T09:21:21","modified_gmt":"2023-01-24T08:21:21","slug":"wandplan-manager","status":"publish","type":"page","link":"https:\/\/plansysteme.com\/de\/softwareloesungen-industrie-4-0\/wandplan-manager\/","title":{"rendered":"Wandplan manager"},"content":{"rendered":"<p><div class=\"fusion-fullwidth fullwidth-box fusion-builder-row-1 fusion-flex-container fusion-parallax-none nonhundred-percent-fullwidth non-hundred-percent-height-scrolling\" style=\"--awb-border-radius-top-left:0px;--awb-border-radius-top-right:0px;--awb-border-radius-bottom-right:0px;--awb-border-radius-bottom-left:0px;--awb-min-height:416px;--awb-background-image:url(&quot;https:\/\/plansysteme.com\/wp-content\/uploads\/2022\/06\/Industrie-softwareloesung.jpg&quot;);--awb-background-size:cover;--awb-flex-wrap:wrap;\" ><div class=\"fusion-builder-row fusion-row fusion-flex-align-items-flex-start fusion-flex-content-wrap\" style=\"max-width:1352px;margin-left: calc(-4% \/ 2 );margin-right: calc(-4% \/ 2 );\"><div class=\"fusion-layout-column fusion_builder_column fusion-builder-column-0 fusion_builder_column_1_1 1_1 fusion-flex-column\" style=\"--awb-bg-size:cover;--awb-width-large:100%;--awb-margin-top-large:0px;--awb-spacing-right-large:1.92%;--awb-margin-bottom-large:20px;--awb-spacing-left-large:1.92%;--awb-width-medium:100%;--awb-order-medium:0;--awb-spacing-right-medium:1.92%;--awb-spacing-left-medium:1.92%;--awb-width-small:100%;--awb-order-small:0;--awb-spacing-right-small:1.92%;--awb-spacing-left-small:1.92%;\"><div class=\"fusion-column-wrapper fusion-column-has-shadow fusion-flex-justify-content-flex-start fusion-content-layout-row fusion-flex-align-items-center\"><div class=\"fusion-title title fusion-title-1 fusion-sep-none fusion-title-center fusion-title-text fusion-title-size-one\" style=\"--awb-margin-top:150px;--awb-margin-right:50px;--awb-margin-top-small:10px;--awb-margin-right-small:0px;--awb-margin-bottom-small:10px;--awb-margin-left-small:0px;\"><h1 class=\"fusion-title-heading title-heading-center\" style=\"margin:0;\">WANDPLAN MANAGER | PLANUNG, PRODUKTION &amp; LIEFERUNG SOFTWARE<\/h1><\/div><\/div><\/div><\/div><\/div><div class=\"fusion-fullwidth fullwidth-box fusion-builder-row-2 fusion-flex-container nonhundred-percent-fullwidth non-hundred-percent-height-scrolling\" style=\"--awb-border-radius-top-left:0px;--awb-border-radius-top-right:0px;--awb-border-radius-bottom-right:0px;--awb-border-radius-bottom-left:0px;--awb-flex-wrap:wrap;\" ><div class=\"fusion-builder-row fusion-row fusion-flex-align-items-flex-start fusion-flex-content-wrap\" style=\"max-width:1352px;margin-left: calc(-4% \/ 2 );margin-right: calc(-4% \/ 2 );\"><div class=\"fusion-layout-column fusion_builder_column fusion-builder-column-1 fusion_builder_column_1_1 1_1 fusion-flex-column\" style=\"--awb-bg-size:cover;--awb-width-large:100%;--awb-margin-top-large:0px;--awb-spacing-right-large:1.92%;--awb-margin-bottom-large:20px;--awb-spacing-left-large:1.92%;--awb-width-medium:100%;--awb-order-medium:0;--awb-spacing-right-medium:1.92%;--awb-spacing-left-medium:1.92%;--awb-width-small:100%;--awb-order-small:0;--awb-spacing-right-small:1.92%;--awb-spacing-left-small:1.92%;\"><div class=\"fusion-column-wrapper fusion-column-has-shadow fusion-flex-justify-content-flex-start fusion-content-layout-column\"><div class=\"fusion-separator fusion-full-width-sep\" style=\"align-self: center;margin-left: auto;margin-right: auto;margin-bottom:60px;width:100%;\"><\/div>\n<\/div><\/div><div class=\"fusion-layout-column fusion_builder_column fusion-builder-column-2 fusion_builder_column_1_3 1_3 fusion-flex-column\" style=\"--awb-bg-size:cover;--awb-width-large:33.333333333333%;--awb-margin-top-large:0px;--awb-spacing-right-large:5.76%;--awb-margin-bottom-large:20px;--awb-spacing-left-large:5.76%;--awb-width-medium:33.333333333333%;--awb-order-medium:0;--awb-spacing-right-medium:5.76%;--awb-spacing-left-medium:5.76%;--awb-width-small:100%;--awb-order-small:0;--awb-spacing-right-small:1.92%;--awb-spacing-left-small:1.92%;\"><div class=\"fusion-column-wrapper fusion-column-has-shadow fusion-flex-justify-content-flex-start fusion-content-layout-column\"><div class=\"fusion-text fusion-text-1\"><p><img decoding=\"async\" class=\"alignnone wp-image-174 size-full\" src=\"https:\/\/plansysteme.com\/wp-content\/uploads\/2021\/10\/wandplan_manager.png\" alt=\"Wandplan Manager\" width=\"512\" height=\"512\" srcset=\"https:\/\/plansysteme.com\/wp-content\/uploads\/2021\/10\/wandplan_manager-66x66.png 66w, https:\/\/plansysteme.com\/wp-content\/uploads\/2021\/10\/wandplan_manager-150x150.png 150w, https:\/\/plansysteme.com\/wp-content\/uploads\/2021\/10\/wandplan_manager-200x200.png 200w, https:\/\/plansysteme.com\/wp-content\/uploads\/2021\/10\/wandplan_manager-300x300.png 300w, https:\/\/plansysteme.com\/wp-content\/uploads\/2021\/10\/wandplan_manager-400x400.png 400w, https:\/\/plansysteme.com\/wp-content\/uploads\/2021\/10\/wandplan_manager.png 512w\" sizes=\"(max-width: 512px) 100vw, 512px\" \/><\/p>\n<\/div><\/div><\/div><div class=\"fusion-layout-column fusion_builder_column fusion-builder-column-3 fusion_builder_column_2_3 2_3 fusion-flex-column\" style=\"--awb-bg-size:cover;--awb-width-large:66.666666666667%;--awb-margin-top-large:0px;--awb-spacing-right-large:2.88%;--awb-margin-bottom-large:20px;--awb-spacing-left-large:2.88%;--awb-width-medium:66.666666666667%;--awb-order-medium:0;--awb-spacing-right-medium:2.88%;--awb-spacing-left-medium:2.88%;--awb-width-small:100%;--awb-order-small:0;--awb-spacing-right-small:1.92%;--awb-spacing-left-small:1.92%;\"><div class=\"fusion-column-wrapper fusion-column-has-shadow fusion-flex-justify-content-flex-start fusion-content-layout-column\"><div class=\"fusion-separator fusion-full-width-sep\" style=\"align-self: center;margin-left: auto;margin-right: auto;margin-bottom:50px;width:100%;\"><\/div><div class=\"fusion-separator fusion-no-small-visibility\" style=\"align-self: flex-start;margin-right:auto;margin-bottom:15px;width:100%;max-width:25px;\"><div class=\"fusion-separator-border sep-single sep-solid\" style=\"--awb-height:20px;--awb-amount:20px;--awb-sep-color:#b51621;border-color:#b51621;border-top-width:1px;\"><\/div><\/div>\n<div class=\"fusion-text fusion-text-2\"><p>Immer einen Schritt voraus!<\/p>\n<h2>PLANUNG &#8211; PRODUKTION &#8211; LIEFERUNG: PERFEKT AUFEINANDER ABGESTIMMT!<\/h2>\n<\/div><\/div><\/div><div class=\"fusion-layout-column fusion_builder_column fusion-builder-column-4 fusion_builder_column_1_2 1_2 fusion-flex-column\" style=\"--awb-bg-size:cover;--awb-width-large:50%;--awb-margin-top-large:0px;--awb-spacing-right-large:3.84%;--awb-margin-bottom-large:20px;--awb-spacing-left-large:3.84%;--awb-width-medium:50%;--awb-order-medium:0;--awb-spacing-right-medium:3.84%;--awb-spacing-left-medium:3.84%;--awb-width-small:100%;--awb-order-small:0;--awb-spacing-right-small:1.92%;--awb-spacing-left-small:1.92%;\"><div class=\"fusion-column-wrapper fusion-column-has-shadow fusion-flex-justify-content-flex-start fusion-content-layout-column\"><div class=\"fusion-text fusion-text-3\"><p>Der Wandplan Manager ist das effiziente Planungs- und Logistikwerkzeug von Plansysteme. Mit Hilfe des Wandplan Managers lassen sich vielf\u00e4ltige Prozesse, die der Zeichnung von Projekten nachgelagert sind, managen und deren Workflow optimieren. Wandplan Manager l\u00e4sst sich durch seine Modulbauweise mit genau den Funktionen best\u00fccken, die f\u00fcr Sie relevant sind und ist individuell anpassbar.<\/p>\n<\/div><\/div><\/div><div class=\"fusion-layout-column fusion_builder_column fusion-builder-column-5 fusion_builder_column_1_2 1_2 fusion-flex-column\" style=\"--awb-bg-size:cover;--awb-width-large:50%;--awb-margin-top-large:0px;--awb-spacing-right-large:3.84%;--awb-margin-bottom-large:20px;--awb-spacing-left-large:3.84%;--awb-width-medium:50%;--awb-order-medium:0;--awb-spacing-right-medium:3.84%;--awb-spacing-left-medium:3.84%;--awb-width-small:100%;--awb-order-small:0;--awb-spacing-right-small:1.92%;--awb-spacing-left-small:1.92%;\"><div class=\"fusion-column-wrapper fusion-column-has-shadow fusion-flex-justify-content-flex-start fusion-content-layout-column\"><div class=\"fusion-text fusion-text-4\"><p>In der Lieferdisposition werden die erstellten Projekte, Subprojekte und Zeichenlose als Baumstruktur dargestellt. Man sieht die in dem Projekt enthaltenen Materialien wie ganze Elemente, Schnittsteine, St\u00fcrze, Kimmsteine etc. Diese wiederum werden auf einzelne Lieferlose aufgeteilt.<\/p>\n<\/div><\/div><\/div><div class=\"fusion-layout-column fusion_builder_column fusion-builder-column-6 fusion_builder_column_1_3 1_3 fusion-flex-column\" style=\"--awb-bg-size:cover;--awb-width-large:33.333333333333%;--awb-margin-top-large:0px;--awb-spacing-right-large:5.76%;--awb-margin-bottom-large:20px;--awb-spacing-left-large:5.76%;--awb-width-medium:33.333333333333%;--awb-order-medium:0;--awb-spacing-right-medium:5.76%;--awb-spacing-left-medium:5.76%;--awb-width-small:100%;--awb-order-small:0;--awb-spacing-right-small:1.92%;--awb-spacing-left-small:1.92%;\"><div class=\"fusion-column-wrapper fusion-column-has-shadow fusion-flex-justify-content-flex-start fusion-content-layout-column\"><div class=\"fusion-text fusion-text-5\"><p>In der Produktionsdisposition lassen sich die verschiedenen Auftr\u00e4ge bearbeiten und anpassen. Durch die S\u00e4geoptimierung k\u00f6nnen die gezeichneten W\u00e4nde so optimiert werden, dass extrem materialsparend gearbeitet wird und Abf\u00e4lle so gering wie m\u00f6glich gehalten werden.<\/p>\n<\/div><\/div><\/div><div class=\"fusion-layout-column fusion_builder_column fusion-builder-column-7 fusion_builder_column_1_3 1_3 fusion-flex-column\" style=\"--awb-bg-size:cover;--awb-width-large:33.333333333333%;--awb-margin-top-large:0px;--awb-spacing-right-large:5.76%;--awb-margin-bottom-large:20px;--awb-spacing-left-large:5.76%;--awb-width-medium:33.333333333333%;--awb-order-medium:0;--awb-spacing-right-medium:5.76%;--awb-spacing-left-medium:5.76%;--awb-width-small:100%;--awb-order-small:0;--awb-spacing-right-small:1.92%;--awb-spacing-left-small:1.92%;\"><div class=\"fusion-column-wrapper fusion-column-has-shadow fusion-flex-justify-content-flex-start fusion-content-layout-column\"><div class=\"fusion-text fusion-text-6\"><p>Die Bestandsverwaltung zeigt an, wie viel Material zur Verf\u00fcgung steht und wann produziert werden sollte, um den aktuellen Bedarf bestm\u00f6glich zu decken. Der effektive Bestand ist farblich intuitiv gekennzeichnet und bedingt die n\u00e4chsten Handlungen.<\/p>\n<\/div><\/div><\/div><div class=\"fusion-layout-column fusion_builder_column fusion-builder-column-8 fusion_builder_column_1_3 1_3 fusion-flex-column\" style=\"--awb-bg-size:cover;--awb-width-large:33.333333333333%;--awb-margin-top-large:0px;--awb-spacing-right-large:5.76%;--awb-margin-bottom-large:20px;--awb-spacing-left-large:5.76%;--awb-width-medium:33.333333333333%;--awb-order-medium:0;--awb-spacing-right-medium:5.76%;--awb-spacing-left-medium:5.76%;--awb-width-small:100%;--awb-order-small:0;--awb-spacing-right-small:1.92%;--awb-spacing-left-small:1.92%;\"><div class=\"fusion-column-wrapper fusion-column-has-shadow fusion-flex-justify-content-flex-start fusion-content-layout-column\"><div class=\"fusion-text fusion-text-7\"><p>Au\u00dferdem bietet der Wandplan Manager vielf\u00e4ltige Verwaltungs- und Auswertungsfunktionen, um den perfekten Workflow zu erzielen und zu kontrollieren.<br \/>\n<strong>F\u00fcr ein optimales Baustellenmanagement: Der Wandplan Manager!<\/strong><\/p>\n<\/div><\/div><\/div><div class=\"fusion-layout-column fusion_builder_column fusion-builder-column-9 fusion_builder_column_1_6 1_6 fusion-flex-column\" style=\"--awb-bg-size:cover;--awb-width-large:16.666666666667%;--awb-margin-top-large:0px;--awb-spacing-right-large:11.52%;--awb-margin-bottom-large:20px;--awb-spacing-left-large:11.52%;--awb-width-medium:16.666666666667%;--awb-order-medium:0;--awb-spacing-right-medium:11.52%;--awb-spacing-left-medium:11.52%;--awb-width-small:100%;--awb-order-small:0;--awb-spacing-right-small:1.92%;--awb-spacing-left-small:1.92%;\"><div class=\"fusion-column-wrapper fusion-column-has-shadow fusion-flex-justify-content-flex-start fusion-content-layout-column\"><\/div><\/div><div class=\"fusion-layout-column fusion_builder_column fusion-builder-column-10 fusion_builder_column_2_3 2_3 fusion-flex-column fusion-animated\" style=\"--awb-bg-size:cover;--awb-width-large:66.666666666667%;--awb-margin-top-large:0px;--awb-spacing-right-large:2.88%;--awb-margin-bottom-large:20px;--awb-spacing-left-large:2.88%;--awb-width-medium:66.666666666667%;--awb-order-medium:0;--awb-spacing-right-medium:2.88%;--awb-spacing-left-medium:2.88%;--awb-width-small:100%;--awb-order-small:0;--awb-spacing-right-small:1.92%;--awb-spacing-left-small:1.92%;\" data-animationType=\"fadeInRight\" data-animationDuration=\"1.2\" data-animationOffset=\"top-into-view\"><div class=\"fusion-column-wrapper fusion-column-has-shadow fusion-flex-justify-content-flex-start fusion-content-layout-column\"><div class=\"fusion-separator fusion-no-small-visibility\" style=\"align-self: flex-start;margin-right:auto;margin-bottom:15px;width:100%;max-width:25px;\"><div class=\"fusion-separator-border sep-single sep-solid\" style=\"--awb-height:20px;--awb-amount:20px;--awb-sep-color:#b51621;border-color:#b51621;border-top-width:1px;\"><\/div><\/div>\n<div class=\"fusion-text fusion-text-8\"><div style=\"color: #b51621;\">PLANSYSTEME<\/div>\n<h3>IHR ANSPRECHPARTNER<\/h3>\n<p>Wenn Sie Fragen zu diesem Produkt haben, melden Sie sich gern bei uns<\/p>\n<p><img decoding=\"async\" class=\"size-full wp-image-338 aligncenter\" src=\"https:\/\/plansysteme.com\/wp-content\/uploads\/2021\/10\/Kontakt-Arne.jpg\" alt=\"Arne Thurm\" width=\"450\" height=\"675\" srcset=\"https:\/\/plansysteme.com\/wp-content\/uploads\/2021\/10\/Kontakt-Arne-200x300.jpg 200w, https:\/\/plansysteme.com\/wp-content\/uploads\/2021\/10\/Kontakt-Arne-400x600.jpg 400w, https:\/\/plansysteme.com\/wp-content\/uploads\/2021\/10\/Kontakt-Arne.jpg 450w\" sizes=\"(max-width: 450px) 100vw, 450px\" \/><\/p>\n<h3 style=\"text-align: center;\">ARNE THURM<\/h3>\n<p style=\"text-align: center;\">Director Industry Solutions<\/p>\n<p style=\"text-align: center;\">Telefon: +49 40 237 202-0<\/p>\n<\/div><div style=\"text-align:center;\"><a class=\"fusion-button button-flat button-xlarge button-default fusion-button-default button-1 fusion-button-default-span fusion-button-default-type\" style=\"--button_text_transform:uppercase;\" target=\"_self\" title=\"Kontakt\" aria-label=\"Kontakt\" href=\"https:\/\/plansysteme.com\/de\/kontakt\"><span class=\"fusion-button-text awb-button__text awb-button__text--default\">Kontakt zu Arne<\/span><\/a><\/div><\/div><\/div>\n<div class=\"fusion-layout-column fusion_builder_column fusion-builder-column-11 fusion_builder_column_1_6 1_6 fusion-flex-column\" style=\"--awb-bg-size:cover;--awb-width-large:16.666666666667%;--awb-margin-top-large:0px;--awb-spacing-right-large:11.52%;--awb-margin-bottom-large:20px;--awb-spacing-left-large:11.52%;--awb-width-medium:16.666666666667%;--awb-order-medium:0;--awb-spacing-right-medium:11.52%;--awb-spacing-left-medium:11.52%;--awb-width-small:100%;--awb-order-small:0;--awb-spacing-right-small:1.92%;--awb-spacing-left-small:1.92%;\"><div class=\"fusion-column-wrapper fusion-column-has-shadow fusion-flex-justify-content-flex-start fusion-content-layout-column\"><\/div><\/div><\/div><\/div><\/p>\n","protected":false},"excerpt":{"rendered":"","protected":false},"author":1,"featured_media":0,"parent":132,"menu_order":0,"comment_status":"closed","ping_status":"closed","template":"100-width.php","meta":{"footnotes":""},"class_list":["post-173","page","type-page","status-publish","hentry"],"yoast_head":"<!-- This site is optimized with the Yoast SEO Premium plugin v20.11 (Yoast SEO v27.4) - https:\/\/yoast.com\/product\/yoast-seo-premium-wordpress\/ -->\n<title>Wandplan manager | Planung, Produktion &amp; Lieferung<\/title>\n<meta name=\"description\" content=\"Es lassen sich vielf\u00e4ltige Prozesse, die der Zeichnung von Projekten nachgelagert sind, managen und deren Workflow optimieren...\" \/>\n<meta name=\"robots\" content=\"index, follow, max-snippet:-1, max-image-preview:large, max-video-preview:-1\" \/>\n<link rel=\"canonical\" href=\"https:\/\/plansysteme.com\/de\/softwareloesungen-industrie-4-0\/wandplan-manager\/\" \/>\n<meta property=\"og:locale\" content=\"de_DE\" \/>\n<meta property=\"og:type\" content=\"article\" \/>\n<meta property=\"og:title\" content=\"Wandplan manager\" \/>\n<meta property=\"og:description\" content=\"Es lassen sich vielf\u00e4ltige Prozesse, die der Zeichnung von Projekten nachgelagert sind, managen und deren Workflow optimieren...\" \/>\n<meta property=\"og:url\" content=\"https:\/\/plansysteme.com\/de\/softwareloesungen-industrie-4-0\/wandplan-manager\/\" \/>\n<meta property=\"og:site_name\" content=\"Plansysteme\" \/>\n<meta property=\"article:publisher\" content=\"https:\/\/www.facebook.com\/login\/?next=httpswww.facebook.comPlansystemeGmbH\" \/>\n<meta property=\"article:modified_time\" content=\"2023-01-24T08:21:21+00:00\" \/>\n<meta property=\"og:image\" content=\"https:\/\/plansysteme.com\/wp-content\/uploads\/2021\/10\/wandplan_manager.png\" \/>\n<meta name=\"twitter:card\" content=\"summary_large_image\" \/>\n<meta name=\"twitter:label1\" content=\"Gesch\u00e4tzte Lesezeit\" \/>\n\t<meta name=\"twitter:data1\" content=\"12\u00a0Minuten\" \/>\n<script type=\"application\/ld+json\" class=\"yoast-schema-graph\">{\"@context\":\"https:\\\/\\\/schema.org\",\"@graph\":[{\"@type\":\"WebPage\",\"@id\":\"https:\\\/\\\/plansysteme.com\\\/de\\\/softwareloesungen-industrie-4-0\\\/wandplan-manager\\\/\",\"url\":\"https:\\\/\\\/plansysteme.com\\\/de\\\/softwareloesungen-industrie-4-0\\\/wandplan-manager\\\/\",\"name\":\"Wandplan manager | Planung, Produktion & Lieferung\",\"isPartOf\":{\"@id\":\"https:\\\/\\\/plansysteme.com\\\/de\\\/#website\"},\"primaryImageOfPage\":{\"@id\":\"https:\\\/\\\/plansysteme.com\\\/de\\\/softwareloesungen-industrie-4-0\\\/wandplan-manager\\\/#primaryimage\"},\"image\":{\"@id\":\"https:\\\/\\\/plansysteme.com\\\/de\\\/softwareloesungen-industrie-4-0\\\/wandplan-manager\\\/#primaryimage\"},\"thumbnailUrl\":\"https:\\\/\\\/plansysteme.com\\\/wp-content\\\/uploads\\\/2021\\\/10\\\/wandplan_manager.png\",\"datePublished\":\"2021-10-08T07:18:56+00:00\",\"dateModified\":\"2023-01-24T08:21:21+00:00\",\"description\":\"Es lassen sich vielf\u00e4ltige Prozesse, die der Zeichnung von Projekten nachgelagert sind, managen und deren Workflow optimieren...\",\"breadcrumb\":{\"@id\":\"https:\\\/\\\/plansysteme.com\\\/de\\\/softwareloesungen-industrie-4-0\\\/wandplan-manager\\\/#breadcrumb\"},\"inLanguage\":\"de\",\"potentialAction\":[{\"@type\":\"ReadAction\",\"target\":[\"https:\\\/\\\/plansysteme.com\\\/de\\\/softwareloesungen-industrie-4-0\\\/wandplan-manager\\\/\"]}]},{\"@type\":\"ImageObject\",\"inLanguage\":\"de\",\"@id\":\"https:\\\/\\\/plansysteme.com\\\/de\\\/softwareloesungen-industrie-4-0\\\/wandplan-manager\\\/#primaryimage\",\"url\":\"https:\\\/\\\/plansysteme.com\\\/wp-content\\\/uploads\\\/2021\\\/10\\\/wandplan_manager.png\",\"contentUrl\":\"https:\\\/\\\/plansysteme.com\\\/wp-content\\\/uploads\\\/2021\\\/10\\\/wandplan_manager.png\"},{\"@type\":\"BreadcrumbList\",\"@id\":\"https:\\\/\\\/plansysteme.com\\\/de\\\/softwareloesungen-industrie-4-0\\\/wandplan-manager\\\/#breadcrumb\",\"itemListElement\":[{\"@type\":\"ListItem\",\"position\":1,\"name\":\"Startseite\",\"item\":\"https:\\\/\\\/plansysteme.com\\\/de\\\/\"},{\"@type\":\"ListItem\",\"position\":2,\"name\":\"Softwarel\u00f6sungen Industrie 4.0\",\"item\":\"https:\\\/\\\/plansysteme.com\\\/de\\\/softwareloesungen-industrie-4-0\\\/\"},{\"@type\":\"ListItem\",\"position\":3,\"name\":\"Wandplan manager\"}]},{\"@type\":\"WebSite\",\"@id\":\"https:\\\/\\\/plansysteme.com\\\/de\\\/#website\",\"url\":\"https:\\\/\\\/plansysteme.com\\\/de\\\/\",\"name\":\"Plansysteme\",\"description\":\"Software mit System\",\"publisher\":{\"@id\":\"https:\\\/\\\/plansysteme.com\\\/de\\\/#organization\"},\"alternateName\":\"Plansysteme GmbH\",\"potentialAction\":[{\"@type\":\"SearchAction\",\"target\":{\"@type\":\"EntryPoint\",\"urlTemplate\":\"https:\\\/\\\/plansysteme.com\\\/de\\\/?s={search_term_string}\"},\"query-input\":{\"@type\":\"PropertyValueSpecification\",\"valueRequired\":true,\"valueName\":\"search_term_string\"}}],\"inLanguage\":\"de\"},{\"@type\":\"Organization\",\"@id\":\"https:\\\/\\\/plansysteme.com\\\/de\\\/#organization\",\"name\":\"Plansysteme GmbH\",\"alternateName\":\"Plansysteme\",\"url\":\"https:\\\/\\\/plansysteme.com\\\/de\\\/\",\"logo\":{\"@type\":\"ImageObject\",\"inLanguage\":\"de\",\"@id\":\"https:\\\/\\\/plansysteme.com\\\/de\\\/#\\\/schema\\\/logo\\\/image\\\/\",\"url\":\"https:\\\/\\\/plansysteme.com\\\/wp-content\\\/uploads\\\/2022\\\/06\\\/Logo-ohne-Reiter.png\",\"contentUrl\":\"https:\\\/\\\/plansysteme.com\\\/wp-content\\\/uploads\\\/2022\\\/06\\\/Logo-ohne-Reiter.png\",\"width\":725,\"height\":175,\"caption\":\"Plansysteme GmbH\"},\"image\":{\"@id\":\"https:\\\/\\\/plansysteme.com\\\/de\\\/#\\\/schema\\\/logo\\\/image\\\/\"},\"sameAs\":[\"https:\\\/\\\/www.facebook.com\\\/login\\\/?next=httpswww.facebook.comPlansystemeGmbH\",\"https:\\\/\\\/www.linkedin.com\\\/company\\\/plansysteme-gmbh\\\/\",\"https:\\\/\\\/www.youtube.com\\\/channel\\\/UCG-FU-CijbCqIpbZcreuCZw\"]}]}<\/script>\n<!-- \/ Yoast SEO Premium plugin. -->","yoast_head_json":{"title":"Wandplan manager | Planung, Produktion & Lieferung","description":"Es lassen sich vielf\u00e4ltige Prozesse, die der Zeichnung von Projekten nachgelagert sind, managen und deren Workflow optimieren...","robots":{"index":"index","follow":"follow","max-snippet":"max-snippet:-1","max-image-preview":"max-image-preview:large","max-video-preview":"max-video-preview:-1"},"canonical":"https:\/\/plansysteme.com\/de\/softwareloesungen-industrie-4-0\/wandplan-manager\/","og_locale":"de_DE","og_type":"article","og_title":"Wandplan manager","og_description":"Es lassen sich vielf\u00e4ltige Prozesse, die der Zeichnung von Projekten nachgelagert sind, managen und deren Workflow optimieren...","og_url":"https:\/\/plansysteme.com\/de\/softwareloesungen-industrie-4-0\/wandplan-manager\/","og_site_name":"Plansysteme","article_publisher":"https:\/\/www.facebook.com\/login\/?next=httpswww.facebook.comPlansystemeGmbH","article_modified_time":"2023-01-24T08:21:21+00:00","og_image":[{"url":"https:\/\/plansysteme.com\/wp-content\/uploads\/2021\/10\/wandplan_manager.png","type":"","width":"","height":""}],"twitter_card":"summary_large_image","twitter_misc":{"Gesch\u00e4tzte Lesezeit":"12\u00a0Minuten"},"schema":{"@context":"https:\/\/schema.org","@graph":[{"@type":"WebPage","@id":"https:\/\/plansysteme.com\/de\/softwareloesungen-industrie-4-0\/wandplan-manager\/","url":"https:\/\/plansysteme.com\/de\/softwareloesungen-industrie-4-0\/wandplan-manager\/","name":"Wandplan manager | Planung, Produktion & Lieferung","isPartOf":{"@id":"https:\/\/plansysteme.com\/de\/#website"},"primaryImageOfPage":{"@id":"https:\/\/plansysteme.com\/de\/softwareloesungen-industrie-4-0\/wandplan-manager\/#primaryimage"},"image":{"@id":"https:\/\/plansysteme.com\/de\/softwareloesungen-industrie-4-0\/wandplan-manager\/#primaryimage"},"thumbnailUrl":"https:\/\/plansysteme.com\/wp-content\/uploads\/2021\/10\/wandplan_manager.png","datePublished":"2021-10-08T07:18:56+00:00","dateModified":"2023-01-24T08:21:21+00:00","description":"Es lassen sich vielf\u00e4ltige Prozesse, die der Zeichnung von Projekten nachgelagert sind, managen und deren Workflow optimieren...","breadcrumb":{"@id":"https:\/\/plansysteme.com\/de\/softwareloesungen-industrie-4-0\/wandplan-manager\/#breadcrumb"},"inLanguage":"de","potentialAction":[{"@type":"ReadAction","target":["https:\/\/plansysteme.com\/de\/softwareloesungen-industrie-4-0\/wandplan-manager\/"]}]},{"@type":"ImageObject","inLanguage":"de","@id":"https:\/\/plansysteme.com\/de\/softwareloesungen-industrie-4-0\/wandplan-manager\/#primaryimage","url":"https:\/\/plansysteme.com\/wp-content\/uploads\/2021\/10\/wandplan_manager.png","contentUrl":"https:\/\/plansysteme.com\/wp-content\/uploads\/2021\/10\/wandplan_manager.png"},{"@type":"BreadcrumbList","@id":"https:\/\/plansysteme.com\/de\/softwareloesungen-industrie-4-0\/wandplan-manager\/#breadcrumb","itemListElement":[{"@type":"ListItem","position":1,"name":"Startseite","item":"https:\/\/plansysteme.com\/de\/"},{"@type":"ListItem","position":2,"name":"Softwarel\u00f6sungen Industrie 4.0","item":"https:\/\/plansysteme.com\/de\/softwareloesungen-industrie-4-0\/"},{"@type":"ListItem","position":3,"name":"Wandplan manager"}]},{"@type":"WebSite","@id":"https:\/\/plansysteme.com\/de\/#website","url":"https:\/\/plansysteme.com\/de\/","name":"Plansysteme","description":"Software mit System","publisher":{"@id":"https:\/\/plansysteme.com\/de\/#organization"},"alternateName":"Plansysteme GmbH","potentialAction":[{"@type":"SearchAction","target":{"@type":"EntryPoint","urlTemplate":"https:\/\/plansysteme.com\/de\/?s={search_term_string}"},"query-input":{"@type":"PropertyValueSpecification","valueRequired":true,"valueName":"search_term_string"}}],"inLanguage":"de"},{"@type":"Organization","@id":"https:\/\/plansysteme.com\/de\/#organization","name":"Plansysteme GmbH","alternateName":"Plansysteme","url":"https:\/\/plansysteme.com\/de\/","logo":{"@type":"ImageObject","inLanguage":"de","@id":"https:\/\/plansysteme.com\/de\/#\/schema\/logo\/image\/","url":"https:\/\/plansysteme.com\/wp-content\/uploads\/2022\/06\/Logo-ohne-Reiter.png","contentUrl":"https:\/\/plansysteme.com\/wp-content\/uploads\/2022\/06\/Logo-ohne-Reiter.png","width":725,"height":175,"caption":"Plansysteme GmbH"},"image":{"@id":"https:\/\/plansysteme.com\/de\/#\/schema\/logo\/image\/"},"sameAs":["https:\/\/www.facebook.com\/login\/?next=httpswww.facebook.comPlansystemeGmbH","https:\/\/www.linkedin.com\/company\/plansysteme-gmbh\/","https:\/\/www.youtube.com\/channel\/UCG-FU-CijbCqIpbZcreuCZw"]}]}},"_links":{"self":[{"href":"https:\/\/plansysteme.com\/de\/wp-json\/wp\/v2\/pages\/173","targetHints":{"allow":["GET"]}}],"collection":[{"href":"https:\/\/plansysteme.com\/de\/wp-json\/wp\/v2\/pages"}],"about":[{"href":"https:\/\/plansysteme.com\/de\/wp-json\/wp\/v2\/types\/page"}],"author":[{"embeddable":true,"href":"https:\/\/plansysteme.com\/de\/wp-json\/wp\/v2\/users\/1"}],"replies":[{"embeddable":true,"href":"https:\/\/plansysteme.com\/de\/wp-json\/wp\/v2\/comments?post=173"}],"version-history":[{"count":0,"href":"https:\/\/plansysteme.com\/de\/wp-json\/wp\/v2\/pages\/173\/revisions"}],"up":[{"embeddable":true,"href":"https:\/\/plansysteme.com\/de\/wp-json\/wp\/v2\/pages\/132"}],"wp:attachment":[{"href":"https:\/\/plansysteme.com\/de\/wp-json\/wp\/v2\/media?parent=173"}],"curies":[{"name":"wp","href":"https:\/\/api.w.org\/{rel}","templated":true}]}}