{"id":160,"date":"2021-10-08T09:13:26","date_gmt":"2021-10-08T07:13:26","guid":{"rendered":"https:\/\/plansysteme.com\/?page_id=160"},"modified":"2023-02-20T14:27:18","modified_gmt":"2023-02-20T13:27:18","slug":"wandplan","status":"publish","type":"page","link":"https:\/\/plansysteme.com\/de\/softwareloesungen-industrie-4-0\/wandplan\/","title":{"rendered":"Wandplan"},"content":{"rendered":"<p><div class=\"fusion-fullwidth fullwidth-box fusion-builder-row-1 fusion-flex-container fusion-parallax-none nonhundred-percent-fullwidth non-hundred-percent-height-scrolling\" style=\"--awb-border-radius-top-left:0px;--awb-border-radius-top-right:0px;--awb-border-radius-bottom-right:0px;--awb-border-radius-bottom-left:0px;--awb-min-height:416px;--awb-background-image:url(&quot;https:\/\/plansysteme.com\/wp-content\/uploads\/2022\/06\/Industrie-softwareloesung.jpg&quot;);--awb-background-size:cover;--awb-flex-wrap:wrap;\" ><div class=\"fusion-builder-row fusion-row fusion-flex-align-items-flex-start fusion-flex-content-wrap\" style=\"max-width:1352px;margin-left: calc(-4% \/ 2 );margin-right: calc(-4% \/ 2 );\"><div class=\"fusion-layout-column fusion_builder_column fusion-builder-column-0 fusion_builder_column_1_1 1_1 fusion-flex-column\" style=\"--awb-bg-size:cover;--awb-width-large:100%;--awb-margin-top-large:0px;--awb-spacing-right-large:1.92%;--awb-margin-bottom-large:20px;--awb-spacing-left-large:1.92%;--awb-width-medium:100%;--awb-order-medium:0;--awb-spacing-right-medium:1.92%;--awb-spacing-left-medium:1.92%;--awb-width-small:100%;--awb-order-small:0;--awb-spacing-right-small:1.92%;--awb-spacing-left-small:1.92%;\"><div class=\"fusion-column-wrapper fusion-column-has-shadow fusion-flex-justify-content-flex-start fusion-content-layout-row fusion-flex-align-items-center\"><div class=\"fusion-title title fusion-title-1 fusion-sep-none fusion-title-center fusion-title-text fusion-title-size-one\" style=\"--awb-margin-top:150px;--awb-margin-right:50px;--awb-margin-top-small:10px;--awb-margin-right-small:0px;--awb-margin-bottom-small:10px;--awb-margin-left-small:0px;\"><h1 class=\"fusion-title-heading title-heading-center\" style=\"margin:0;\">WANDPLAN | PROJEKTPLANUNG INDUSTRIE 4.0 L\u00d6SUNGEN<\/h1><\/div><\/div><\/div><\/div><\/div><div class=\"fusion-fullwidth fullwidth-box fusion-builder-row-2 fusion-flex-container nonhundred-percent-fullwidth non-hundred-percent-height-scrolling\" style=\"--awb-border-radius-top-left:0px;--awb-border-radius-top-right:0px;--awb-border-radius-bottom-right:0px;--awb-border-radius-bottom-left:0px;--awb-flex-wrap:wrap;\" ><div class=\"fusion-builder-row fusion-row fusion-flex-align-items-flex-start fusion-flex-content-wrap\" style=\"max-width:1352px;margin-left: calc(-4% \/ 2 );margin-right: calc(-4% \/ 2 );\"><div class=\"fusion-layout-column fusion_builder_column fusion-builder-column-1 fusion_builder_column_1_1 1_1 fusion-flex-column\" style=\"--awb-bg-size:cover;--awb-width-large:100%;--awb-margin-top-large:0px;--awb-spacing-right-large:1.92%;--awb-margin-bottom-large:20px;--awb-spacing-left-large:1.92%;--awb-width-medium:100%;--awb-order-medium:0;--awb-spacing-right-medium:1.92%;--awb-spacing-left-medium:1.92%;--awb-width-small:100%;--awb-order-small:0;--awb-spacing-right-small:1.92%;--awb-spacing-left-small:1.92%;\"><div class=\"fusion-column-wrapper fusion-column-has-shadow fusion-flex-justify-content-flex-start fusion-content-layout-column\"><div class=\"fusion-separator fusion-full-width-sep\" style=\"align-self: center;margin-left: auto;margin-right: auto;margin-bottom:60px;width:100%;\"><\/div>\n<\/div><\/div><div class=\"fusion-layout-column fusion_builder_column fusion-builder-column-2 fusion_builder_column_1_3 1_3 fusion-flex-column\" style=\"--awb-bg-size:cover;--awb-width-large:33.333333333333%;--awb-margin-top-large:0px;--awb-spacing-right-large:5.76%;--awb-margin-bottom-large:20px;--awb-spacing-left-large:5.76%;--awb-width-medium:33.333333333333%;--awb-order-medium:0;--awb-spacing-right-medium:5.76%;--awb-spacing-left-medium:5.76%;--awb-width-small:100%;--awb-order-small:0;--awb-spacing-right-small:1.92%;--awb-spacing-left-small:1.92%;\"><div class=\"fusion-column-wrapper fusion-column-has-shadow fusion-flex-justify-content-flex-start fusion-content-layout-column\"><div class=\"fusion-text fusion-text-1\"><p><img decoding=\"async\" class=\"alignnone size-full wp-image-161\" src=\"https:\/\/plansysteme.com\/wp-content\/uploads\/2021\/10\/wandplan.png\" alt=\"Wandplan Software\" width=\"512\" height=\"512\" srcset=\"https:\/\/plansysteme.com\/wp-content\/uploads\/2021\/10\/wandplan-66x66.png 66w, https:\/\/plansysteme.com\/wp-content\/uploads\/2021\/10\/wandplan-150x150.png 150w, https:\/\/plansysteme.com\/wp-content\/uploads\/2021\/10\/wandplan-200x200.png 200w, https:\/\/plansysteme.com\/wp-content\/uploads\/2021\/10\/wandplan-300x300.png 300w, https:\/\/plansysteme.com\/wp-content\/uploads\/2021\/10\/wandplan-400x400.png 400w, https:\/\/plansysteme.com\/wp-content\/uploads\/2021\/10\/wandplan.png 512w\" sizes=\"(max-width: 512px) 100vw, 512px\" \/><\/p>\n<\/div><\/div><\/div><div class=\"fusion-layout-column fusion_builder_column fusion-builder-column-3 fusion_builder_column_2_3 2_3 fusion-flex-column\" style=\"--awb-bg-size:cover;--awb-width-large:66.666666666667%;--awb-margin-top-large:0px;--awb-spacing-right-large:2.88%;--awb-margin-bottom-large:20px;--awb-spacing-left-large:2.88%;--awb-width-medium:66.666666666667%;--awb-order-medium:0;--awb-spacing-right-medium:2.88%;--awb-spacing-left-medium:2.88%;--awb-width-small:100%;--awb-order-small:0;--awb-spacing-right-small:1.92%;--awb-spacing-left-small:1.92%;\"><div class=\"fusion-column-wrapper fusion-column-has-shadow fusion-flex-justify-content-flex-start fusion-content-layout-column\"><div class=\"fusion-separator fusion-no-small-visibility\" style=\"align-self: flex-start;margin-right:auto;margin-bottom:5px;width:100%;max-width:25px;\"><div class=\"fusion-separator-border sep-single sep-solid\" style=\"--awb-height:20px;--awb-amount:20px;--awb-sep-color:#b51621;border-color:#b51621;border-top-width:1px;\"><\/div><\/div><div class=\"fusion-separator fusion-full-width-sep\" style=\"align-self: center;margin-left: auto;margin-right: auto;margin-bottom:25px;width:100%;\"><\/div><div class=\"fusion-text fusion-text-2\"><p>Wandplan &#8211;<em>\u00a0<\/em>Projektplanung Industrie 4.0 L\u00f6sungen<\/p>\n<h2>WANDPLAN IST EINE MODERNE CAD-ANWENDUNG<\/h2>\n<p>&#8230;die entwickelt wurde, um den neuesten Anforderungen an wirtschaftliches Bauen gerecht zu werden. Insbesondere der optimierte und schonende Einsatz von Ressourcen und Arbeits\u00adkr\u00e4ften steht in allen Phasen des Planungsprozesses im Mittelpunkt.<\/p>\n<\/div><\/div><\/div><div class=\"fusion-layout-column fusion_builder_column fusion-builder-column-4 fusion_builder_column_1_2 1_2 fusion-flex-column\" style=\"--awb-bg-size:cover;--awb-width-large:50%;--awb-margin-top-large:0px;--awb-spacing-right-large:3.84%;--awb-margin-bottom-large:20px;--awb-spacing-left-large:3.84%;--awb-width-medium:50%;--awb-order-medium:0;--awb-spacing-right-medium:3.84%;--awb-spacing-left-medium:3.84%;--awb-width-small:100%;--awb-order-small:0;--awb-spacing-right-small:1.92%;--awb-spacing-left-small:1.92%;\"><div class=\"fusion-column-wrapper fusion-column-has-shadow fusion-flex-justify-content-flex-start fusion-content-layout-column\"><div class=\"fusion-text fusion-text-3\"><h2>WANDPLAN IST EINE OFFENE PLATTFORM<\/h2>\n<p>f\u00fcr bauk\u00f6rperorientierte Modellierung im Hochbau. Der Fokus des Leistungsspektrums liegt dabei auf der Elementierung von Mauerwerk durch beliebig erweiterbare Regelwerke. Die Elementierung kann somit auf spezifische Kundenanforderungen zugeschnitten und bei Bedarf angepasst werden. Aufgrund des modularen Aufbaus kann Wandplan um weite\u00adre, spezielle L\u00f6sungen, z.B. Deckenelementierung erweitert werden. Schon heute arbeiten viele namhafte Unternehmen der Baustoffindustrie erfolgreich mit Wandplan &#8211; darunter die Mehrzahl der Kalksandsteinhersteller.<\/p>\n<\/div><\/div><\/div><div class=\"fusion-layout-column fusion_builder_column fusion-builder-column-5 fusion_builder_column_1_2 1_2 fusion-flex-column\" style=\"--awb-bg-size:cover;--awb-width-large:50%;--awb-margin-top-large:0px;--awb-spacing-right-large:3.84%;--awb-margin-bottom-large:20px;--awb-spacing-left-large:3.84%;--awb-width-medium:50%;--awb-order-medium:0;--awb-spacing-right-medium:3.84%;--awb-spacing-left-medium:3.84%;--awb-width-small:100%;--awb-order-small:0;--awb-spacing-right-small:1.92%;--awb-spacing-left-small:1.92%;\"><div class=\"fusion-column-wrapper fusion-column-has-shadow fusion-flex-justify-content-flex-start fusion-content-layout-column\"><div class=\"fusion-text fusion-text-4\"><h2>EIN HOHER AUTOMATISIERUNGSGRAD<\/h2>\n<p>ist ein wesentliches Merkmal, was die Arbeit mit Wandplan so effizient macht. Alle f\u00fcr die Mauerwerkelementierung rele\u00advanten Bauk\u00f6rper werden als eigenst\u00e4ndige Objekte dargestellt und k\u00f6nnen unab\u00adh\u00e4ngig voneinander bearbeitet werden. Unter anderem werden W\u00e4nde, Ausspa\u00adrungen, St\u00fcrze, Sonderbauteile, Rolll\u00e4denk\u00e4sten und Wandschlitze mit wenigen Mausklicks angelegt, mit Eigenschaften versehen und von der Anwendung auto\u00admatisch korrekt ber\u00fccksichtigt.<\/p>\n<\/div><\/div><\/div><div class=\"fusion-layout-column fusion_builder_column fusion-builder-column-6 fusion_builder_column_1_3 1_3 fusion-flex-column\" style=\"--awb-bg-size:cover;--awb-width-large:33.333333333333%;--awb-margin-top-large:0px;--awb-spacing-right-large:5.76%;--awb-margin-bottom-large:20px;--awb-spacing-left-large:5.76%;--awb-width-medium:33.333333333333%;--awb-order-medium:0;--awb-spacing-right-medium:5.76%;--awb-spacing-left-medium:5.76%;--awb-width-small:100%;--awb-order-small:0;--awb-spacing-right-small:1.92%;--awb-spacing-left-small:1.92%;\"><div class=\"fusion-column-wrapper fusion-column-has-shadow fusion-flex-justify-content-flex-start fusion-content-layout-column\"><div class=\"fusion-text fusion-text-5\"><h3>HOHE AUTOMATISIERUNG<\/h3>\n<p>steht dem Anwender per Knopfdruck zur Verf\u00fcgung. Zusammengesetzte Ausdrucke \u2013 vom Deckblatt \u00fcber alle Verlegepl\u00e4ne des Projekts bis zu den dazugeh\u00f6rigen Schnittpl\u00e4nen \u2013 werden automatisch zusammengestellt, das Layout durchgef\u00fchrt und ausgedruckt.<\/p>\n<\/div><\/div><\/div><div class=\"fusion-layout-column fusion_builder_column fusion-builder-column-7 fusion_builder_column_1_3 1_3 fusion-flex-column\" style=\"--awb-bg-size:cover;--awb-width-large:33.333333333333%;--awb-margin-top-large:0px;--awb-spacing-right-large:5.76%;--awb-margin-bottom-large:20px;--awb-spacing-left-large:5.76%;--awb-width-medium:33.333333333333%;--awb-order-medium:0;--awb-spacing-right-medium:5.76%;--awb-spacing-left-medium:5.76%;--awb-width-small:100%;--awb-order-small:0;--awb-spacing-right-small:1.92%;--awb-spacing-left-small:1.92%;\"><div class=\"fusion-column-wrapper fusion-column-has-shadow fusion-flex-justify-content-flex-start fusion-content-layout-column\"><div class=\"fusion-text fusion-text-6\"><h3>DURCH TEAMF\u00c4HIGKEIT<\/h3>\n<p>entfaltet Wandplan seine gro\u00dfe St\u00e4rke im Zusammenspiel mit den im Unternehmen bereits eingesetzten L\u00f6sungen und kann Stammdaten sowie Projektdaten aus anderen Anwendungen \u00fcbernehmen.<\/p>\n<\/div><\/div><\/div><div class=\"fusion-layout-column fusion_builder_column fusion-builder-column-8 fusion_builder_column_1_3 1_3 fusion-flex-column\" style=\"--awb-bg-size:cover;--awb-width-large:33.333333333333%;--awb-margin-top-large:0px;--awb-spacing-right-large:5.76%;--awb-margin-bottom-large:20px;--awb-spacing-left-large:5.76%;--awb-width-medium:33.333333333333%;--awb-order-medium:0;--awb-spacing-right-medium:5.76%;--awb-spacing-left-medium:5.76%;--awb-width-small:100%;--awb-order-small:0;--awb-spacing-right-small:1.92%;--awb-spacing-left-small:1.92%;\"><div class=\"fusion-column-wrapper fusion-column-has-shadow fusion-flex-justify-content-flex-start fusion-content-layout-column\"><div class=\"fusion-text fusion-text-7\"><h3>WIR BEGLEITEN SIE<\/h3>\n<p>in allen Phasen des Projekts zur Prozessoptimierung. Profitieren Sie von unserem gro\u00dfen Know-how in den Bereichen Projektplanung und \u2013abwicklung. Des Weiteren bieten wir projektbe\u00adgleitend technischen Support \u00fcber Hotline, Updates, Fernwartung \u2013 bis hin zur Schulung Ihrer Mitarbeiter.<\/p>\n<\/div><\/div><\/div><div class=\"fusion-layout-column fusion_builder_column fusion-builder-column-9 fusion_builder_column_1_6 1_6 fusion-flex-column\" style=\"--awb-bg-size:cover;--awb-width-large:16.666666666667%;--awb-margin-top-large:0px;--awb-spacing-right-large:11.52%;--awb-margin-bottom-large:20px;--awb-spacing-left-large:11.52%;--awb-width-medium:16.666666666667%;--awb-order-medium:0;--awb-spacing-right-medium:11.52%;--awb-spacing-left-medium:11.52%;--awb-width-small:100%;--awb-order-small:0;--awb-spacing-right-small:1.92%;--awb-spacing-left-small:1.92%;\"><div class=\"fusion-column-wrapper fusion-column-has-shadow fusion-flex-justify-content-flex-start fusion-content-layout-column\"><\/div><\/div><div class=\"fusion-layout-column fusion_builder_column fusion-builder-column-10 fusion_builder_column_2_3 2_3 fusion-flex-column fusion-animated\" style=\"--awb-bg-size:cover;--awb-width-large:66.666666666667%;--awb-margin-top-large:0px;--awb-spacing-right-large:2.88%;--awb-margin-bottom-large:20px;--awb-spacing-left-large:2.88%;--awb-width-medium:66.666666666667%;--awb-order-medium:0;--awb-spacing-right-medium:2.88%;--awb-spacing-left-medium:2.88%;--awb-width-small:100%;--awb-order-small:0;--awb-spacing-right-small:1.92%;--awb-spacing-left-small:1.92%;\" data-animationType=\"fadeInRight\" data-animationDuration=\"1.2\" data-animationOffset=\"top-into-view\"><div class=\"fusion-column-wrapper fusion-column-has-shadow fusion-flex-justify-content-flex-start fusion-content-layout-column\"><div class=\"fusion-separator fusion-no-small-visibility\" style=\"align-self: flex-start;margin-right:auto;margin-bottom:15px;width:100%;max-width:25px;\"><div class=\"fusion-separator-border sep-single sep-solid\" style=\"--awb-height:20px;--awb-amount:20px;--awb-sep-color:#b51621;border-color:#b51621;border-top-width:1px;\"><\/div><\/div>\n<div class=\"fusion-text fusion-text-8\"><div style=\"color: #b51621;\">PLANSYSTEME<\/div>\n<h3>IHR ANSPRECHPARTNER<\/h3>\n<p>Wenn Sie Fragen zu diesem Produkt haben, melden Sie sich gern bei uns<\/p>\n<p><img decoding=\"async\" class=\"size-full wp-image-338 aligncenter\" src=\"https:\/\/plansysteme.com\/wp-content\/uploads\/2021\/10\/Kontakt-Arne.jpg\" alt=\"Arne Thurm\" width=\"450\" height=\"675\" srcset=\"https:\/\/plansysteme.com\/wp-content\/uploads\/2021\/10\/Kontakt-Arne-200x300.jpg 200w, https:\/\/plansysteme.com\/wp-content\/uploads\/2021\/10\/Kontakt-Arne-400x600.jpg 400w, https:\/\/plansysteme.com\/wp-content\/uploads\/2021\/10\/Kontakt-Arne.jpg 450w\" sizes=\"(max-width: 450px) 100vw, 450px\" \/><\/p>\n<h3 style=\"text-align: center;\">ARNE THURM<\/h3>\n<p style=\"text-align: center;\">Director Industry Solutions<\/p>\n<p style=\"text-align: center;\">Telefon: +49 40 237 202-0<\/p>\n<\/div><div style=\"text-align:center;\"><a class=\"fusion-button button-flat button-xlarge button-default fusion-button-default button-1 fusion-button-default-span fusion-button-default-type\" style=\"--button_text_transform:uppercase;\" target=\"_self\" title=\"Kontakt\" aria-label=\"Kontakt\" href=\"https:\/\/plansysteme.com\/de\/kontakt\"><span class=\"fusion-button-text awb-button__text awb-button__text--default\">Kontakt zu Arne<\/span><\/a><\/div><\/div><\/div>\n<div class=\"fusion-layout-column fusion_builder_column fusion-builder-column-11 fusion_builder_column_1_6 1_6 fusion-flex-column\" style=\"--awb-bg-size:cover;--awb-width-large:16.666666666667%;--awb-margin-top-large:0px;--awb-spacing-right-large:11.52%;--awb-margin-bottom-large:20px;--awb-spacing-left-large:11.52%;--awb-width-medium:16.666666666667%;--awb-order-medium:0;--awb-spacing-right-medium:11.52%;--awb-spacing-left-medium:11.52%;--awb-width-small:100%;--awb-order-small:0;--awb-spacing-right-small:1.92%;--awb-spacing-left-small:1.92%;\"><div class=\"fusion-column-wrapper fusion-column-has-shadow fusion-flex-justify-content-flex-start fusion-content-layout-column\"><\/div><\/div><\/div><\/div><\/p>\n","protected":false},"excerpt":{"rendered":"","protected":false},"author":1,"featured_media":0,"parent":132,"menu_order":0,"comment_status":"closed","ping_status":"closed","template":"100-width.php","meta":{"footnotes":""},"class_list":["post-160","page","type-page","status-publish","hentry"],"yoast_head":"<!-- This site is optimized with the Yoast SEO Premium plugin v20.11 (Yoast SEO v27.6) - https:\/\/yoast.com\/product\/yoast-seo-premium-wordpress\/ -->\n<title>Wandplan | Projektplanung Industrie 4.0 L\u00f6sungen<\/title>\n<meta name=\"description\" content=\"Insbesondere der optimierte und schonende Einsatz von Ressourcen und Arbeits\u00adkr\u00e4ften steht in allen Phasen des Planungsprozesses...\" \/>\n<meta name=\"robots\" content=\"index, follow, max-snippet:-1, max-image-preview:large, max-video-preview:-1\" \/>\n<link rel=\"canonical\" href=\"https:\/\/plansysteme.com\/de\/softwareloesungen-industrie-4-0\/wandplan\/\" \/>\n<meta property=\"og:locale\" content=\"de_DE\" \/>\n<meta property=\"og:type\" content=\"article\" \/>\n<meta property=\"og:title\" content=\"Wandplan\" \/>\n<meta property=\"og:description\" content=\"Insbesondere der optimierte und schonende Einsatz von Ressourcen und Arbeits\u00adkr\u00e4ften steht in allen Phasen des Planungsprozesses...\" \/>\n<meta property=\"og:url\" content=\"https:\/\/plansysteme.com\/de\/softwareloesungen-industrie-4-0\/wandplan\/\" \/>\n<meta property=\"og:site_name\" content=\"Plansysteme\" \/>\n<meta property=\"article:publisher\" content=\"https:\/\/www.facebook.com\/login\/?next=httpswww.facebook.comPlansystemeGmbH\" \/>\n<meta property=\"article:modified_time\" content=\"2023-02-20T13:27:18+00:00\" \/>\n<meta property=\"og:image\" content=\"https:\/\/plansysteme.com\/wp-content\/uploads\/2021\/10\/wandplan.png\" \/>\n<meta name=\"twitter:card\" content=\"summary_large_image\" \/>\n<meta name=\"twitter:label1\" content=\"Gesch\u00e4tzte Lesezeit\" \/>\n\t<meta name=\"twitter:data1\" content=\"12\u00a0Minuten\" \/>\n<script type=\"application\/ld+json\" class=\"yoast-schema-graph\">{\"@context\":\"https:\\\/\\\/schema.org\",\"@graph\":[{\"@type\":\"WebPage\",\"@id\":\"https:\\\/\\\/plansysteme.com\\\/de\\\/softwareloesungen-industrie-4-0\\\/wandplan\\\/\",\"url\":\"https:\\\/\\\/plansysteme.com\\\/de\\\/softwareloesungen-industrie-4-0\\\/wandplan\\\/\",\"name\":\"Wandplan | Projektplanung Industrie 4.0 L\u00f6sungen\",\"isPartOf\":{\"@id\":\"http:\\\/\\\/plansysteme.com\\\/de\\\/#website\"},\"primaryImageOfPage\":{\"@id\":\"https:\\\/\\\/plansysteme.com\\\/de\\\/softwareloesungen-industrie-4-0\\\/wandplan\\\/#primaryimage\"},\"image\":{\"@id\":\"https:\\\/\\\/plansysteme.com\\\/de\\\/softwareloesungen-industrie-4-0\\\/wandplan\\\/#primaryimage\"},\"thumbnailUrl\":\"https:\\\/\\\/plansysteme.com\\\/wp-content\\\/uploads\\\/2021\\\/10\\\/wandplan.png\",\"datePublished\":\"2021-10-08T07:13:26+00:00\",\"dateModified\":\"2023-02-20T13:27:18+00:00\",\"description\":\"Insbesondere der optimierte und schonende Einsatz von Ressourcen und Arbeits\u00adkr\u00e4ften steht in allen Phasen des Planungsprozesses...\",\"breadcrumb\":{\"@id\":\"https:\\\/\\\/plansysteme.com\\\/de\\\/softwareloesungen-industrie-4-0\\\/wandplan\\\/#breadcrumb\"},\"inLanguage\":\"de\",\"potentialAction\":[{\"@type\":\"ReadAction\",\"target\":[\"https:\\\/\\\/plansysteme.com\\\/de\\\/softwareloesungen-industrie-4-0\\\/wandplan\\\/\"]}]},{\"@type\":\"ImageObject\",\"inLanguage\":\"de\",\"@id\":\"https:\\\/\\\/plansysteme.com\\\/de\\\/softwareloesungen-industrie-4-0\\\/wandplan\\\/#primaryimage\",\"url\":\"https:\\\/\\\/plansysteme.com\\\/wp-content\\\/uploads\\\/2021\\\/10\\\/wandplan.png\",\"contentUrl\":\"https:\\\/\\\/plansysteme.com\\\/wp-content\\\/uploads\\\/2021\\\/10\\\/wandplan.png\"},{\"@type\":\"BreadcrumbList\",\"@id\":\"https:\\\/\\\/plansysteme.com\\\/de\\\/softwareloesungen-industrie-4-0\\\/wandplan\\\/#breadcrumb\",\"itemListElement\":[{\"@type\":\"ListItem\",\"position\":1,\"name\":\"Startseite\",\"item\":\"http:\\\/\\\/plansysteme.com\\\/de\\\/\"},{\"@type\":\"ListItem\",\"position\":2,\"name\":\"Softwarel\u00f6sungen Industrie 4.0\",\"item\":\"https:\\\/\\\/plansysteme.com\\\/de\\\/softwareloesungen-industrie-4-0\\\/\"},{\"@type\":\"ListItem\",\"position\":3,\"name\":\"Wandplan\"}]},{\"@type\":\"WebSite\",\"@id\":\"http:\\\/\\\/plansysteme.com\\\/de\\\/#website\",\"url\":\"http:\\\/\\\/plansysteme.com\\\/de\\\/\",\"name\":\"Plansysteme\",\"description\":\"Software mit System\",\"publisher\":{\"@id\":\"http:\\\/\\\/plansysteme.com\\\/de\\\/#organization\"},\"alternateName\":\"Plansysteme GmbH\",\"potentialAction\":[{\"@type\":\"SearchAction\",\"target\":{\"@type\":\"EntryPoint\",\"urlTemplate\":\"http:\\\/\\\/plansysteme.com\\\/de\\\/?s={search_term_string}\"},\"query-input\":{\"@type\":\"PropertyValueSpecification\",\"valueRequired\":true,\"valueName\":\"search_term_string\"}}],\"inLanguage\":\"de\"},{\"@type\":\"Organization\",\"@id\":\"http:\\\/\\\/plansysteme.com\\\/de\\\/#organization\",\"name\":\"Plansysteme GmbH\",\"alternateName\":\"Plansysteme\",\"url\":\"http:\\\/\\\/plansysteme.com\\\/de\\\/\",\"logo\":{\"@type\":\"ImageObject\",\"inLanguage\":\"de\",\"@id\":\"http:\\\/\\\/plansysteme.com\\\/de\\\/#\\\/schema\\\/logo\\\/image\\\/\",\"url\":\"https:\\\/\\\/plansysteme.com\\\/wp-content\\\/uploads\\\/2022\\\/06\\\/Logo-ohne-Reiter.png\",\"contentUrl\":\"https:\\\/\\\/plansysteme.com\\\/wp-content\\\/uploads\\\/2022\\\/06\\\/Logo-ohne-Reiter.png\",\"width\":725,\"height\":175,\"caption\":\"Plansysteme GmbH\"},\"image\":{\"@id\":\"http:\\\/\\\/plansysteme.com\\\/de\\\/#\\\/schema\\\/logo\\\/image\\\/\"},\"sameAs\":[\"https:\\\/\\\/www.facebook.com\\\/login\\\/?next=httpswww.facebook.comPlansystemeGmbH\",\"https:\\\/\\\/www.linkedin.com\\\/company\\\/plansysteme-gmbh\\\/\",\"https:\\\/\\\/www.youtube.com\\\/channel\\\/UCG-FU-CijbCqIpbZcreuCZw\"]}]}<\/script>\n<!-- \/ Yoast SEO Premium plugin. -->","yoast_head_json":{"title":"Wandplan | Projektplanung Industrie 4.0 L\u00f6sungen","description":"Insbesondere der optimierte und schonende Einsatz von Ressourcen und Arbeits\u00adkr\u00e4ften steht in allen Phasen des Planungsprozesses...","robots":{"index":"index","follow":"follow","max-snippet":"max-snippet:-1","max-image-preview":"max-image-preview:large","max-video-preview":"max-video-preview:-1"},"canonical":"https:\/\/plansysteme.com\/de\/softwareloesungen-industrie-4-0\/wandplan\/","og_locale":"de_DE","og_type":"article","og_title":"Wandplan","og_description":"Insbesondere der optimierte und schonende Einsatz von Ressourcen und Arbeits\u00adkr\u00e4ften steht in allen Phasen des Planungsprozesses...","og_url":"https:\/\/plansysteme.com\/de\/softwareloesungen-industrie-4-0\/wandplan\/","og_site_name":"Plansysteme","article_publisher":"https:\/\/www.facebook.com\/login\/?next=httpswww.facebook.comPlansystemeGmbH","article_modified_time":"2023-02-20T13:27:18+00:00","og_image":[{"url":"https:\/\/plansysteme.com\/wp-content\/uploads\/2021\/10\/wandplan.png","type":"","width":"","height":""}],"twitter_card":"summary_large_image","twitter_misc":{"Gesch\u00e4tzte Lesezeit":"12\u00a0Minuten"},"schema":{"@context":"https:\/\/schema.org","@graph":[{"@type":"WebPage","@id":"https:\/\/plansysteme.com\/de\/softwareloesungen-industrie-4-0\/wandplan\/","url":"https:\/\/plansysteme.com\/de\/softwareloesungen-industrie-4-0\/wandplan\/","name":"Wandplan | Projektplanung Industrie 4.0 L\u00f6sungen","isPartOf":{"@id":"http:\/\/plansysteme.com\/de\/#website"},"primaryImageOfPage":{"@id":"https:\/\/plansysteme.com\/de\/softwareloesungen-industrie-4-0\/wandplan\/#primaryimage"},"image":{"@id":"https:\/\/plansysteme.com\/de\/softwareloesungen-industrie-4-0\/wandplan\/#primaryimage"},"thumbnailUrl":"https:\/\/plansysteme.com\/wp-content\/uploads\/2021\/10\/wandplan.png","datePublished":"2021-10-08T07:13:26+00:00","dateModified":"2023-02-20T13:27:18+00:00","description":"Insbesondere der optimierte und schonende Einsatz von Ressourcen und Arbeits\u00adkr\u00e4ften steht in allen Phasen des Planungsprozesses...","breadcrumb":{"@id":"https:\/\/plansysteme.com\/de\/softwareloesungen-industrie-4-0\/wandplan\/#breadcrumb"},"inLanguage":"de","potentialAction":[{"@type":"ReadAction","target":["https:\/\/plansysteme.com\/de\/softwareloesungen-industrie-4-0\/wandplan\/"]}]},{"@type":"ImageObject","inLanguage":"de","@id":"https:\/\/plansysteme.com\/de\/softwareloesungen-industrie-4-0\/wandplan\/#primaryimage","url":"https:\/\/plansysteme.com\/wp-content\/uploads\/2021\/10\/wandplan.png","contentUrl":"https:\/\/plansysteme.com\/wp-content\/uploads\/2021\/10\/wandplan.png"},{"@type":"BreadcrumbList","@id":"https:\/\/plansysteme.com\/de\/softwareloesungen-industrie-4-0\/wandplan\/#breadcrumb","itemListElement":[{"@type":"ListItem","position":1,"name":"Startseite","item":"http:\/\/plansysteme.com\/de\/"},{"@type":"ListItem","position":2,"name":"Softwarel\u00f6sungen Industrie 4.0","item":"https:\/\/plansysteme.com\/de\/softwareloesungen-industrie-4-0\/"},{"@type":"ListItem","position":3,"name":"Wandplan"}]},{"@type":"WebSite","@id":"http:\/\/plansysteme.com\/de\/#website","url":"http:\/\/plansysteme.com\/de\/","name":"Plansysteme","description":"Software mit System","publisher":{"@id":"http:\/\/plansysteme.com\/de\/#organization"},"alternateName":"Plansysteme GmbH","potentialAction":[{"@type":"SearchAction","target":{"@type":"EntryPoint","urlTemplate":"http:\/\/plansysteme.com\/de\/?s={search_term_string}"},"query-input":{"@type":"PropertyValueSpecification","valueRequired":true,"valueName":"search_term_string"}}],"inLanguage":"de"},{"@type":"Organization","@id":"http:\/\/plansysteme.com\/de\/#organization","name":"Plansysteme GmbH","alternateName":"Plansysteme","url":"http:\/\/plansysteme.com\/de\/","logo":{"@type":"ImageObject","inLanguage":"de","@id":"http:\/\/plansysteme.com\/de\/#\/schema\/logo\/image\/","url":"https:\/\/plansysteme.com\/wp-content\/uploads\/2022\/06\/Logo-ohne-Reiter.png","contentUrl":"https:\/\/plansysteme.com\/wp-content\/uploads\/2022\/06\/Logo-ohne-Reiter.png","width":725,"height":175,"caption":"Plansysteme GmbH"},"image":{"@id":"http:\/\/plansysteme.com\/de\/#\/schema\/logo\/image\/"},"sameAs":["https:\/\/www.facebook.com\/login\/?next=httpswww.facebook.comPlansystemeGmbH","https:\/\/www.linkedin.com\/company\/plansysteme-gmbh\/","https:\/\/www.youtube.com\/channel\/UCG-FU-CijbCqIpbZcreuCZw"]}]}},"_links":{"self":[{"href":"https:\/\/plansysteme.com\/de\/wp-json\/wp\/v2\/pages\/160","targetHints":{"allow":["GET"]}}],"collection":[{"href":"https:\/\/plansysteme.com\/de\/wp-json\/wp\/v2\/pages"}],"about":[{"href":"https:\/\/plansysteme.com\/de\/wp-json\/wp\/v2\/types\/page"}],"author":[{"embeddable":true,"href":"https:\/\/plansysteme.com\/de\/wp-json\/wp\/v2\/users\/1"}],"replies":[{"embeddable":true,"href":"https:\/\/plansysteme.com\/de\/wp-json\/wp\/v2\/comments?post=160"}],"version-history":[{"count":2,"href":"https:\/\/plansysteme.com\/de\/wp-json\/wp\/v2\/pages\/160\/revisions"}],"predecessor-version":[{"id":3075,"href":"https:\/\/plansysteme.com\/de\/wp-json\/wp\/v2\/pages\/160\/revisions\/3075"}],"up":[{"embeddable":true,"href":"https:\/\/plansysteme.com\/de\/wp-json\/wp\/v2\/pages\/132"}],"wp:attachment":[{"href":"https:\/\/plansysteme.com\/de\/wp-json\/wp\/v2\/media?parent=160"}],"curies":[{"name":"wp","href":"https:\/\/api.w.org\/{rel}","templated":true}]}}